{"id":975,"date":"2016-11-18T17:06:11","date_gmt":"2016-11-18T17:06:11","guid":{"rendered":"http:\/\/localhost\/senior_care_wp\/?page_id=975"},"modified":"2025-11-02T13:42:52","modified_gmt":"2025-11-02T13:42:52","slug":"contact","status":"publish","type":"page","link":"https:\/\/evangelhodoseo.com.br\/hidrovida\/contact\/","title":{"rendered":"Contato"},"content":{"rendered":"<div class=\"wpb-content-wrapper\">[vc_row sharai_khana_custom_class=&#8221;section-content-block&#8221; wiz_custom_class=&#8221;section-content-block&#8221;][vc_column][vc_row_inner][vc_column_inner width=&#8221;1\/2&#8243;]<h2 class=\"only-heading\"  >Fale conosco<\/h2>\n<div class=\"wpcf7 no-js\" id=\"wpcf7-f7-o1\" lang=\"pt-BR\" dir=\"ltr\" data-wpcf7-id=\"7\">\n<div class=\"screen-reader-response\"><p role=\"status\" aria-live=\"polite\" aria-atomic=\"true\"><\/p> <ul><\/ul><\/div>\n<form action=\"\/hidrovida\/wp-json\/wp\/v2\/pages\/975#wpcf7-f7-o1\" method=\"post\" class=\"wpcf7-form init\" aria-label=\"Formul\u00e1rios de contato\" novalidate=\"novalidate\" data-status=\"init\">\n<fieldset class=\"hidden-fields-container\"><input type=\"hidden\" name=\"_wpcf7\" value=\"7\" \/><input type=\"hidden\" name=\"_wpcf7_version\" value=\"6.1.5\" \/><input type=\"hidden\" name=\"_wpcf7_locale\" value=\"pt_BR\" \/><input type=\"hidden\" name=\"_wpcf7_unit_tag\" value=\"wpcf7-f7-o1\" \/><input type=\"hidden\" name=\"_wpcf7_container_post\" value=\"0\" \/><input type=\"hidden\" name=\"_wpcf7_posted_data_hash\" value=\"\" \/>\n<\/fieldset>\n<p><label> Seu nome<br \/>\n<span class=\"wpcf7-form-control-wrap\" data-name=\"your-name\"><input size=\"40\" maxlength=\"400\" class=\"wpcf7-form-control wpcf7-text wpcf7-validates-as-required\" autocomplete=\"name\" aria-required=\"true\" aria-invalid=\"false\" value=\"\" type=\"text\" name=\"your-name\" \/><\/span> <\/label>\n<\/p>\n<p><label> Seu e-mail<br \/>\n<span class=\"wpcf7-form-control-wrap\" data-name=\"your-email\"><input size=\"40\" maxlength=\"400\" class=\"wpcf7-form-control wpcf7-email wpcf7-validates-as-required wpcf7-text wpcf7-validates-as-email\" autocomplete=\"email\" aria-required=\"true\" aria-invalid=\"false\" value=\"\" type=\"email\" name=\"your-email\" \/><\/span> <\/label>\n<\/p>\n<p><label> Assunto<br \/>\n<span class=\"wpcf7-form-control-wrap\" data-name=\"your-subject\"><input size=\"40\" maxlength=\"400\" class=\"wpcf7-form-control wpcf7-text wpcf7-validates-as-required\" aria-required=\"true\" aria-invalid=\"false\" value=\"\" type=\"text\" name=\"your-subject\" \/><\/span> <\/label>\n<\/p>\n<p><label> Sua mensagem (opcional)<br \/>\n<span class=\"wpcf7-form-control-wrap\" data-name=\"your-message\"><textarea cols=\"40\" rows=\"10\" maxlength=\"2000\" class=\"wpcf7-form-control wpcf7-textarea\" aria-invalid=\"false\" name=\"your-message\"><\/textarea><\/span> <\/label>\n<\/p>\n<p><input class=\"wpcf7-form-control wpcf7-submit has-spinner\" type=\"submit\" value=\"Enviar\" \/>\n<\/p><div class=\"wpcf7-response-output\" aria-hidden=\"true\"><\/div>\n<\/form>\n<\/div>\n[\/vc_column_inner][vc_column_inner width=&#8221;1\/2&#8243;]<div class=\"row \" >\n        \n                            <div class=\"col-md-12\">\n\n                                <ul class=\"contact-info\">\n                                <\/ul>                        \n\n                            <\/div>\n                <\/div><h2 class=\"only-heading\"  >Contatos<\/h2><div class=\"row \" >\n        \n                            <div class=\"col-md-12\">\n\n                                <ul class=\"contact-info\"><li class=\"square-layout \">\n                                                    <span class=\"icon-container\"><i class=\"fa fa-home\"><\/i><\/span>\n                                                    <address>Av. Padre Leonel Franca, 110<br \/>\nRio de Janeiro \u2013 RJ<br \/>\nG\u00e1vea Medical Center \u2013 (in\u00edcio da autoestrada Lagoa-Barra).<br \/>\nA 1000m do metr\u00f4 Antero de Quental.<\/address>\n                                                <\/li><li class=\"square-layout \">\n                                                <span class=\"icon-container\"><i class=\"fa fa-phone\"><\/i><\/span>\n                                                <address>(21) 98554-6511<\/address>\n                                            <\/li>\n                                <\/ul>                        \n\n                            <\/div>\n                <\/div><div class=\"row \" >\n        \n                            <div class=\"col-md-12\">\n\n                                <ul class=\"contact-info\"><li class=\"square-layout \">\n                                                <span class=\"icon-container\"><i class=\"fa fa-phone\"><\/i><\/span>\n                                                <address>(21) 99572-1075 (Whatsapp)<\/address>\n                                            <\/li><li class=\"square-layout \">\n                                                    <span class=\"icon-container\"><i class=\"fa fa-envelope\"><\/i><\/span>\n                                                    <address><a href=\"mailto:hidrovida@hidrovida.com.br\">hidrovida@hidrovida.com.br<\/a><\/address>\n                                                <\/li>\n                                <\/ul>                        \n\n                            <\/div>\n                <\/div>[\/vc_column_inner][\/vc_row_inner][\/vc_column][\/vc_row][vc_row sharai_khana_custom_class=&#8221;section-content-block&#8221; el_class=&#8221;theme-custom-box-shadow&#8221; css=&#8221;.vc_custom_1549192706978{background-color: #edf0f2 !important;}&#8221;][vc_column css=&#8221;.vc_custom_1479492511335{padding-top: 0px !important;padding-bottom: 0px !important;}&#8221;]<div class=\"row section-heading-wrapper\">\n                            <div class=\"col-md-12 col-sm-12 text-center\">\n                                <h2 class=\"section-heading\" >Nossa localiza\u00e7\u00e3o<\/h2>\n                                <span class=\"heading-separator heading-separator-horizontal\"><\/span>\n                                \n                            <\/div>\n                        <\/div>[vc_gmaps link=&#8221;#E-8_JTNDaWZyYW1lJTIwc3JjJTNEJTIyaHR0cHMlM0ElMkYlMkZ3d3cuZ29vZ2xlLmNvbSUyRm1hcHMlMkZlbWJlZCUzRnBiJTNEJTIxMW0xOCUyMTFtMTIlMjExbTMlMjExZDM2NzMuMjM1NTA2MjIwNzA4NCUyMTJkLTQzLjIzMjQyMDQxNDAwNDg4JTIxM2QtMjIuOTc4MzY1Nzg2Nzk5MjAyJTIxMm0zJTIxMWYwJTIxMmYwJTIxM2YwJTIxM20yJTIxMWkxMDI0JTIxMmk3NjglMjE0ZjEzLjElMjEzbTMlMjExbTIlMjExczB4OWJkNWIxMmU0NWNiOWIlMjUzQTB4MzU4N2FiMjFmMjU4NDk4MSUyMTJzQXYuJTI1MjBQYWRyZSUyNTIwTGVvbmVsJTI1MjBGcmFuY2ElMjUyQyUyNTIwMTEwJTI1MjAtJTI1MjBHJTI1QzMlMjVBMXZlYSUyNTJDJTI1MjBSaW8lMjUyMGRlJTI1MjBKYW5laXJvJTI1MjAtJTI1MjBSSiUyNTJDJTI1MjAyMjQ1MS0wMDAlMjE1ZTAlMjEzbTIlMjExc3B0LUJSJTIxMnNiciUyMTR2MTc1NjI1MTM0NTA4MiUyMTVtMiUyMTFzcHQtQlIlMjEyc2JyJTIyJTIwd2lkdGglM0QlMjI2MDAlMjIlMjBoZWlnaHQlM0QlMjI0NTAlMjIlMjBzdHlsZSUzRCUyMmJvcmRlciUzQTAlM0IlMjIlMjBhbGxvd2Z1bGxzY3JlZW4lM0QlMjIlMjIlMjBsb2FkaW5nJTNEJTIybGF6eSUyMiUyMHJlZmVycmVycG9saWN5JTNEJTIybm8tcmVmZXJyZXItd2hlbi1kb3duZ3JhZGUlMjIlM0UlM0MlMkZpZnJhbWUlM0U=&#8221; css=&#8221;.vc_custom_1756251350478{margin-top: 0px !important;margin-right: 0px !important;margin-bottom: 0px !important;margin-left: 0px !important;padding-top: 0px !important;padding-right: 0px !important;padding-bottom: 0px !important;padding-left: 0px !important;}&#8221;][\/vc_column][\/vc_row]\n<\/div>","protected":false},"excerpt":{"rendered":"<p>[vc_row sharai_khana_custom_class=&#8221;section-content-block&#8221; wiz_custom_class=&#8221;section-content-block&#8221;][vc_column][vc_row_inner][vc_column_inner width=&#8221;1\/2&#8243;][\/vc_column_inner][vc_column_inner width=&#8221;1\/2&#8243;][\/vc_column_inner][\/vc_row_inner][\/vc_column][\/vc_row][vc_row sharai_khana_custom_class=&#8221;section-content-block&#8221; el_class=&#8221;theme-custom-box-shadow&#8221; css=&#8221;.vc_custom_1549192706978{background-color: #edf0f2 !important;}&#8221;][vc_column css=&#8221;.vc_custom_1479492511335{padding-top: 0px !important;padding-bottom: 0px !important;}&#8221;][vc_gmaps link=&#8221;#E-8_JTNDaWZyYW1lJTIwc3JjJTNEJTIyaHR0cHMlM0ElMkYlMkZ3d3cuZ29vZ2xlLmNvbSUyRm1hcHMlMkZlbWJlZCUzRnBiJTNEJTIxMW0xOCUyMTFtMTIlMjExbTMlMjExZDM2NzMuMjM1NTA2MjIwNzA4NCUyMTJkLTQzLjIzMjQyMDQxNDAwNDg4JTIxM2QtMjIuOTc4MzY1Nzg2Nzk5MjAyJTIxMm0zJTIxMWYwJTIxMmYwJTIxM2YwJTIxM20yJTIxMWkxMDI0JTIxMmk3NjglMjE0ZjEzLjElMjEzbTMlMjExbTIlMjExczB4OWJkNWIxMmU0NWNiOWIlMjUzQTB4MzU4N2FiMjFmMjU4NDk4MSUyMTJzQXYuJTI1MjBQYWRyZSUyNTIwTGVvbmVsJTI1MjBGcmFuY2ElMjUyQyUyNTIwMTEwJTI1MjAtJTI1MjBHJTI1QzMlMjVBMXZlYSUyNTJDJTI1MjBSaW8lMjUyMGRlJTI1MjBKYW5laXJvJTI1MjAtJTI1MjBSSiUyNTJDJTI1MjAyMjQ1MS0wMDAlMjE1ZTAlMjEzbTIlMjExc3B0LUJSJTIxMnNiciUyMTR2MTc1NjI1MTM0NTA4MiUyMTVtMiUyMTFzcHQtQlIlMjEyc2JyJTIyJTIwd2lkdGglM0QlMjI2MDAlMjIlMjBoZWlnaHQlM0QlMjI0NTAlMjIlMjBzdHlsZSUzRCUyMmJvcmRlciUzQTAlM0IlMjIlMjBhbGxvd2Z1bGxzY3JlZW4lM0QlMjIlMjIlMjBsb2FkaW5nJTNEJTIybGF6eSUyMiUyMHJlZmVycmVycG9saWN5JTNEJTIybm8tcmVmZXJyZXItd2hlbi1kb3duZ3JhZGUlMjIlM0UlM0MlMkZpZnJhbWUlM0U=&#8221; css=&#8221;.vc_custom_1756251350478{margin-top: 0px !important;margin-right: 0px !important;margin-bottom: 0px !important;margin-left: 0px !important;padding-top: 0px !important;padding-right: 0px !important;padding-bottom: 0px !important;padding-left: 0px !important;}&#8221;][\/vc_column][\/vc_row]<\/p>\n","protected":false},"author":1,"featured_media":0,"parent":0,"menu_order":0,"comment_status":"closed","ping_status":"closed","template":"template-fullwidth.php","meta":{"footnotes":""},"class_list":["post-975","page","type-page","status-publish","hentry"],"yoast_head":"<!-- This site is optimized with the Yoast SEO plugin v27.4 - https:\/\/yoast.com\/product\/yoast-seo-wordpress\/ -->\n<title>Contato - Hidrovida G\u00e1vea: Nata\u00e7\u00e3o, Hidro, Fisioterapia e Studio no RJ<\/title>\n<meta name=\"robots\" content=\"noindex, follow, max-snippet:-1, max-image-preview:large, max-video-preview:-1\" \/>\n<meta property=\"og:locale\" content=\"pt_BR\" \/>\n<meta property=\"og:type\" content=\"article\" \/>\n<meta property=\"og:title\" content=\"Contato - Hidrovida G\u00e1vea: Nata\u00e7\u00e3o, Hidro, Fisioterapia e Studio no RJ\" \/>\n<meta property=\"og:description\" content=\"[vc_row sharai_khana_custom_class=&#8221;section-content-block&#8221; wiz_custom_class=&#8221;section-content-block&#8221;][vc_column][vc_row_inner][vc_column_inner width=&#8221;1\/2&#8243;][\/vc_column_inner][vc_column_inner width=&#8221;1\/2&#8243;][\/vc_column_inner][\/vc_row_inner][\/vc_column][\/vc_row][vc_row sharai_khana_custom_class=&#8221;section-content-block&#8221; el_class=&#8221;theme-custom-box-shadow&#8221; css=&#8221;.vc_custom_1549192706978{background-color: #edf0f2 !important;}&#8221;][vc_column css=&#8221;.vc_custom_1479492511335{padding-top: 0px !important;padding-bottom: 0px !important;}&#8221;][vc_gmaps link=&#8221;#E-8_JTNDaWZyYW1lJTIwc3JjJTNEJTIyaHR0cHMlM0ElMkYlMkZ3d3cuZ29vZ2xlLmNvbSUyRm1hcHMlMkZlbWJlZCUzRnBiJTNEJTIxMW0xOCUyMTFtMTIlMjExbTMlMjExZDM2NzMuMjM1NTA2MjIwNzA4NCUyMTJkLTQzLjIzMjQyMDQxNDAwNDg4JTIxM2QtMjIuOTc4MzY1Nzg2Nzk5MjAyJTIxMm0zJTIxMWYwJTIxMmYwJTIxM2YwJTIxM20yJTIxMWkxMDI0JTIxMmk3NjglMjE0ZjEzLjElMjEzbTMlMjExbTIlMjExczB4OWJkNWIxMmU0NWNiOWIlMjUzQTB4MzU4N2FiMjFmMjU4NDk4MSUyMTJzQXYuJTI1MjBQYWRyZSUyNTIwTGVvbmVsJTI1MjBGcmFuY2ElMjUyQyUyNTIwMTEwJTI1MjAtJTI1MjBHJTI1QzMlMjVBMXZlYSUyNTJDJTI1MjBSaW8lMjUyMGRlJTI1MjBKYW5laXJvJTI1MjAtJTI1MjBSSiUyNTJDJTI1MjAyMjQ1MS0wMDAlMjE1ZTAlMjEzbTIlMjExc3B0LUJSJTIxMnNiciUyMTR2MTc1NjI1MTM0NTA4MiUyMTVtMiUyMTFzcHQtQlIlMjEyc2JyJTIyJTIwd2lkdGglM0QlMjI2MDAlMjIlMjBoZWlnaHQlM0QlMjI0NTAlMjIlMjBzdHlsZSUzRCUyMmJvcmRlciUzQTAlM0IlMjIlMjBhbGxvd2Z1bGxzY3JlZW4lM0QlMjIlMjIlMjBsb2FkaW5nJTNEJTIybGF6eSUyMiUyMHJlZmVycmVycG9saWN5JTNEJTIybm8tcmVmZXJyZXItd2hlbi1kb3duZ3JhZGUlMjIlM0UlM0MlMkZpZnJhbWUlM0U=&#8221; css=&#8221;.vc_custom_1756251350478{margin-top: 0px !important;margin-right: 0px !important;margin-bottom: 0px !important;margin-left: 0px !important;padding-top: 0px !important;padding-right: 0px !important;padding-bottom: 0px !important;padding-left: 0px !important;}&#8221;][\/vc_column][\/vc_row]\" \/>\n<meta property=\"og:url\" content=\"https:\/\/hidrovida.com.brcontact\/\" \/>\n<meta property=\"og:site_name\" content=\"Hidrovida G\u00e1vea: Nata\u00e7\u00e3o, Hidro, Fisioterapia e Studio no RJ\" \/>\n<meta property=\"article:modified_time\" content=\"2025-11-02T13:42:52+00:00\" \/>\n<meta name=\"twitter:card\" content=\"summary_large_image\" \/>\n<meta name=\"twitter:label1\" content=\"Est. tempo de leitura\" \/>\n\t<meta name=\"twitter:data1\" content=\"1 minuto\" \/>\n<script type=\"application\/ld+json\" class=\"yoast-schema-graph\">{\"@context\":\"https:\\\/\\\/schema.org\",\"@graph\":[{\"@type\":\"WebPage\",\"@id\":\"https:\\\/\\\/hidrovida.com.brcontact\\\/\",\"url\":\"https:\\\/\\\/hidrovida.com.brcontact\\\/\",\"name\":\"Contato - Hidrovida G\u00e1vea: Nata\u00e7\u00e3o, Hidro, Fisioterapia e Studio no RJ\",\"isPartOf\":{\"@id\":\"https:\\\/\\\/hidrovida.com.br\\\/#website\"},\"datePublished\":\"2016-11-18T17:06:11+00:00\",\"dateModified\":\"2025-11-02T13:42:52+00:00\",\"breadcrumb\":{\"@id\":\"https:\\\/\\\/hidrovida.com.brcontact\\\/#breadcrumb\"},\"inLanguage\":\"pt-BR\",\"potentialAction\":[{\"@type\":\"ReadAction\",\"target\":[\"https:\\\/\\\/hidrovida.com.brcontact\\\/\"]}]},{\"@type\":\"BreadcrumbList\",\"@id\":\"https:\\\/\\\/hidrovida.com.brcontact\\\/#breadcrumb\",\"itemListElement\":[{\"@type\":\"ListItem\",\"position\":1,\"name\":\"In\u00edcio\",\"item\":\"https:\\\/\\\/hidrovida.com.br\"},{\"@type\":\"ListItem\",\"position\":2,\"name\":\"Contato\"}]},{\"@type\":\"WebSite\",\"@id\":\"https:\\\/\\\/hidrovida.com.br\\\/#website\",\"url\":\"https:\\\/\\\/hidrovida.com.br\\\/\",\"name\":\"My Blog\",\"description\":\"\",\"potentialAction\":[{\"@type\":\"SearchAction\",\"target\":{\"@type\":\"EntryPoint\",\"urlTemplate\":\"https:\\\/\\\/hidrovida.com.br\\\/?s={search_term_string}\"},\"query-input\":{\"@type\":\"PropertyValueSpecification\",\"valueRequired\":true,\"valueName\":\"search_term_string\"}}],\"inLanguage\":\"pt-BR\"}]}<\/script>\n<!-- \/ Yoast SEO plugin. -->","yoast_head_json":{"title":"Contato - Hidrovida G\u00e1vea: Nata\u00e7\u00e3o, Hidro, Fisioterapia e Studio no RJ","robots":{"index":"noindex","follow":"follow","max-snippet":"max-snippet:-1","max-image-preview":"max-image-preview:large","max-video-preview":"max-video-preview:-1"},"og_locale":"pt_BR","og_type":"article","og_title":"Contato - Hidrovida G\u00e1vea: Nata\u00e7\u00e3o, Hidro, Fisioterapia e Studio no RJ","og_description":"[vc_row sharai_khana_custom_class=&#8221;section-content-block&#8221; wiz_custom_class=&#8221;section-content-block&#8221;][vc_column][vc_row_inner][vc_column_inner width=&#8221;1\/2&#8243;][\/vc_column_inner][vc_column_inner width=&#8221;1\/2&#8243;][\/vc_column_inner][\/vc_row_inner][\/vc_column][\/vc_row][vc_row sharai_khana_custom_class=&#8221;section-content-block&#8221; el_class=&#8221;theme-custom-box-shadow&#8221; css=&#8221;.vc_custom_1549192706978{background-color: #edf0f2 !important;}&#8221;][vc_column css=&#8221;.vc_custom_1479492511335{padding-top: 0px !important;padding-bottom: 0px !important;}&#8221;][vc_gmaps link=&#8221;#E-8_JTNDaWZyYW1lJTIwc3JjJTNEJTIyaHR0cHMlM0ElMkYlMkZ3d3cuZ29vZ2xlLmNvbSUyRm1hcHMlMkZlbWJlZCUzRnBiJTNEJTIxMW0xOCUyMTFtMTIlMjExbTMlMjExZDM2NzMuMjM1NTA2MjIwNzA4NCUyMTJkLTQzLjIzMjQyMDQxNDAwNDg4JTIxM2QtMjIuOTc4MzY1Nzg2Nzk5MjAyJTIxMm0zJTIxMWYwJTIxMmYwJTIxM2YwJTIxM20yJTIxMWkxMDI0JTIxMmk3NjglMjE0ZjEzLjElMjEzbTMlMjExbTIlMjExczB4OWJkNWIxMmU0NWNiOWIlMjUzQTB4MzU4N2FiMjFmMjU4NDk4MSUyMTJzQXYuJTI1MjBQYWRyZSUyNTIwTGVvbmVsJTI1MjBGcmFuY2ElMjUyQyUyNTIwMTEwJTI1MjAtJTI1MjBHJTI1QzMlMjVBMXZlYSUyNTJDJTI1MjBSaW8lMjUyMGRlJTI1MjBKYW5laXJvJTI1MjAtJTI1MjBSSiUyNTJDJTI1MjAyMjQ1MS0wMDAlMjE1ZTAlMjEzbTIlMjExc3B0LUJSJTIxMnNiciUyMTR2MTc1NjI1MTM0NTA4MiUyMTVtMiUyMTFzcHQtQlIlMjEyc2JyJTIyJTIwd2lkdGglM0QlMjI2MDAlMjIlMjBoZWlnaHQlM0QlMjI0NTAlMjIlMjBzdHlsZSUzRCUyMmJvcmRlciUzQTAlM0IlMjIlMjBhbGxvd2Z1bGxzY3JlZW4lM0QlMjIlMjIlMjBsb2FkaW5nJTNEJTIybGF6eSUyMiUyMHJlZmVycmVycG9saWN5JTNEJTIybm8tcmVmZXJyZXItd2hlbi1kb3duZ3JhZGUlMjIlM0UlM0MlMkZpZnJhbWUlM0U=&#8221; css=&#8221;.vc_custom_1756251350478{margin-top: 0px !important;margin-right: 0px !important;margin-bottom: 0px !important;margin-left: 0px !important;padding-top: 0px !important;padding-right: 0px !important;padding-bottom: 0px !important;padding-left: 0px !important;}&#8221;][\/vc_column][\/vc_row]","og_url":"https:\/\/hidrovida.com.brcontact\/","og_site_name":"Hidrovida G\u00e1vea: Nata\u00e7\u00e3o, Hidro, Fisioterapia e Studio no RJ","article_modified_time":"2025-11-02T13:42:52+00:00","twitter_card":"summary_large_image","twitter_misc":{"Est. tempo de leitura":"1 minuto"},"schema":{"@context":"https:\/\/schema.org","@graph":[{"@type":"WebPage","@id":"https:\/\/hidrovida.com.brcontact\/","url":"https:\/\/hidrovida.com.brcontact\/","name":"Contato - Hidrovida G\u00e1vea: Nata\u00e7\u00e3o, Hidro, Fisioterapia e Studio no RJ","isPartOf":{"@id":"https:\/\/hidrovida.com.br\/#website"},"datePublished":"2016-11-18T17:06:11+00:00","dateModified":"2025-11-02T13:42:52+00:00","breadcrumb":{"@id":"https:\/\/hidrovida.com.brcontact\/#breadcrumb"},"inLanguage":"pt-BR","potentialAction":[{"@type":"ReadAction","target":["https:\/\/hidrovida.com.brcontact\/"]}]},{"@type":"BreadcrumbList","@id":"https:\/\/hidrovida.com.brcontact\/#breadcrumb","itemListElement":[{"@type":"ListItem","position":1,"name":"In\u00edcio","item":"https:\/\/hidrovida.com.br"},{"@type":"ListItem","position":2,"name":"Contato"}]},{"@type":"WebSite","@id":"https:\/\/hidrovida.com.br\/#website","url":"https:\/\/hidrovida.com.br\/","name":"My Blog","description":"","potentialAction":[{"@type":"SearchAction","target":{"@type":"EntryPoint","urlTemplate":"https:\/\/hidrovida.com.br\/?s={search_term_string}"},"query-input":{"@type":"PropertyValueSpecification","valueRequired":true,"valueName":"search_term_string"}}],"inLanguage":"pt-BR"}]}},"_links":{"self":[{"href":"https:\/\/evangelhodoseo.com.br\/hidrovida\/wp-json\/wp\/v2\/pages\/975","targetHints":{"allow":["GET"]}}],"collection":[{"href":"https:\/\/evangelhodoseo.com.br\/hidrovida\/wp-json\/wp\/v2\/pages"}],"about":[{"href":"https:\/\/evangelhodoseo.com.br\/hidrovida\/wp-json\/wp\/v2\/types\/page"}],"author":[{"embeddable":true,"href":"https:\/\/evangelhodoseo.com.br\/hidrovida\/wp-json\/wp\/v2\/users\/1"}],"replies":[{"embeddable":true,"href":"https:\/\/evangelhodoseo.com.br\/hidrovida\/wp-json\/wp\/v2\/comments?post=975"}],"version-history":[{"count":8,"href":"https:\/\/evangelhodoseo.com.br\/hidrovida\/wp-json\/wp\/v2\/pages\/975\/revisions"}],"predecessor-version":[{"id":3895,"href":"https:\/\/evangelhodoseo.com.br\/hidrovida\/wp-json\/wp\/v2\/pages\/975\/revisions\/3895"}],"wp:attachment":[{"href":"https:\/\/evangelhodoseo.com.br\/hidrovida\/wp-json\/wp\/v2\/media?parent=975"}],"curies":[{"name":"wp","href":"https:\/\/api.w.org\/{rel}","templated":true}]}}