{"id":4067,"date":"2025-12-15T23:58:52","date_gmt":"2025-12-15T23:58:52","guid":{"rendered":"https:\/\/evangelhodoseo.com.br\/hidrovida\/?page_id=4067"},"modified":"2025-12-16T00:08:51","modified_gmt":"2025-12-16T00:08:51","slug":"natacao-adulto","status":"publish","type":"page","link":"https:\/\/evangelhodoseo.com.br\/hidrovida\/natacao-adulto\/","title":{"rendered":"Nata\u00e7\u00e3o Adulto"},"content":{"rendered":"<div class=\"wpb-content-wrapper\">[vc_row full_width=&#8221;stretch_row&#8221; sharai_khana_custom_class=&#8221;section-content-block&#8221; css=&#8221;.vc_custom_1765837496906{background-color: #edf0f2 !important;}&#8221; el_class=&#8221;section-curve-white-overlary&#8221;][vc_column width=&#8221;1\/2&#8243;]<div class=\"row section-heading-wrapper\">\n                            <div class=\"col-md-12 col-sm-12 text-left\">\n                                <h2 class=\"section-heading heading-alt-style\" >Nata\u00e7\u00e3o Adulto<\/h2>\n                                <span class=\"heading-separator heading-separator-horizontal\"><\/span>\n                                \n                            <\/div>\n                        <\/div>[vc_column_text css=&#8221;.vc_custom_1765837115774{margin-top: -2em !important;}&#8221;]Buscamos o condicionamento f\u00edsico e o aperfei\u00e7oamento dos 4 nados. S\u00e3o indicadas para praticantes experientes e iniciantes. S\u00e3o 40 minutos de aula, 2, 3 ou mais vezes por semana.<\/p>\n<p>A nata\u00e7\u00e3o \u00e9 um dos melhores esportes para manuten\u00e7\u00e3o da sa\u00fade, considerado o mais completo, pois trabalha praticamente todas as articula\u00e7\u00f5es e os principais grupos musculares.[\/vc_column_text][\/vc_column][vc_column width=&#8221;1\/2&#8243;][vc_single_image image=&#8221;3763&#8243; img_size=&#8221;full&#8221; css=&#8221;&#8221;][\/vc_column][\/vc_row][vc_row content_placement=&#8221;middle&#8221; sharai_khana_custom_class=&#8221;section-content-block&#8221; css=&#8221;.vc_custom_1765835640030{margin-top: -3em !important;}&#8221;][vc_column]<div class=\"row section-heading-wrapper\">\n                            <div class=\"col-md-12 col-sm-12 text-center\">\n                                <h2 class=\"section-heading\" >Benef\u00edcios<\/h2>\n                                <span class=\"heading-separator heading-separator-horizontal\"><\/span>\n                                \n                            <\/div>\n                        <\/div>[vc_row_inner css=&#8221;.vc_custom_1765843710162{margin-top: -2em !important;}&#8221;][vc_column_inner]<div class=\"item_3 row process-block \" ><div class=\"col-md-4 col-sm-6 col-xs-12 \">\n                        <div class=\"process-step-1 text-left \" >\n                             \n                            <h3>1<\/h3>\n                            <div class=\"process-info\">Fortalece o sistema imunol\u00f3gico<\/div>\n                        <\/div> \n                    <\/div><div class=\"col-md-4 col-sm-6 col-xs-12 \">\n                        <div class=\"process-step-1 text-left \" >\n                             \n                            <h3>2<\/h3>\n                            <div class=\"process-info\">Aumenta a capacidade cardiorrespirat\u00f3ria<\/div>\n                        <\/div> \n                    <\/div><div class=\"col-md-4 col-sm-6 col-xs-12 \">\n                        <div class=\"process-step-1 text-left \" >\n                             \n                            <h3>3<\/h3>\n                            <div class=\"process-info\">Estimula o t\u00f4nus muscular<\/div>\n                        <\/div> \n                    <\/div><\/div>[\/vc_column_inner][\/vc_row_inner][vc_row_inner css=&#8221;.vc_custom_1765843721180{margin-top: 10px !important;}&#8221;][vc_column_inner]<div class=\"item_3 row process-block \" ><div class=\"col-md-4 col-sm-6 col-xs-12 \">\n                        <div class=\"process-step-1 text-left \" >\n                             \n                            <h3>4<\/h3>\n                            <div class=\"process-info\">Melhora os sintomas de doen\u00e7as respirat\u00f3rias<\/div>\n                        <\/div> \n                    <\/div><div class=\"col-md-4 col-sm-6 col-xs-12 \">\n                        <div class=\"process-step-1 text-left \" >\n                             \n                            <h3>5<\/h3>\n                            <div class=\"process-info\">Diminui as taxas de colesterol e a\u00e7\u00facar<\/div>\n                        <\/div> \n                    <\/div><div class=\"col-md-4 col-sm-6 col-xs-12 \">\n                        <div class=\"process-step-1 text-left \" >\n                             \n                            <h3>6<\/h3>\n                            <div class=\"process-info\">Desenvolve a coordena\u00e7\u00e3o motora, a mem\u00f3ria e a capacidade cognitiva<\/div>\n                        <\/div> \n                    <\/div><\/div>[\/vc_column_inner][\/vc_row_inner][vc_row_inner css=&#8221;.vc_custom_1765843729031{margin-top: 10px !important;}&#8221;][vc_column_inner]<div class=\"item_3 row process-block \" ><div class=\"col-md-4 col-sm-6 col-xs-12 \">\n                        <div class=\"process-step-1 text-left \" >\n                             \n                            <h3>7<\/h3>\n                            <div class=\"process-info\">Diminui o estresse<\/div>\n                        <\/div> \n                    <\/div><div class=\"col-md-4 col-sm-6 col-xs-12 \">\n                        <div class=\"process-step-1 text-left \" >\n                             \n                            <h3>8<\/h3>\n                            <div class=\"process-info\">Combate a obesidade<\/div>\n                        <\/div> \n                    <\/div><div class=\"col-md-4 col-sm-6 col-xs-12 \">\n                        <div class=\"process-step-1 text-left \" >\n                             \n                            <h3>9<\/h3>\n                            <div class=\"process-info\">Melhora o equil\u00edbrio<\/div>\n                        <\/div> \n                    <\/div><\/div>[\/vc_column_inner][\/vc_row_inner][vc_row_inner css=&#8221;.vc_custom_1765843737737{margin-top: 10px !important;}&#8221;][vc_column_inner]<div class=\"item_3 row process-block \" ><div class=\"col-md-4 col-sm-6 col-xs-12 \">\n                        <div class=\"process-step-1 text-left \" >\n                             \n                            <h3>10<\/h3>\n                            <div class=\"process-info\">Ativa a circula\u00e7\u00e3o sangu\u00ednea<\/div>\n                        <\/div> \n                    <\/div><div class=\"col-md-4 col-sm-6 col-xs-12 \">\n                        <div class=\"process-step-1 text-left \" >\n                             \n                            <h3>11<\/h3>\n                            <div class=\"process-info\">Melhora a qualidade do sono<\/div>\n                        <\/div> \n                    <\/div><\/div>[\/vc_column_inner][\/vc_row_inner][\/vc_column][\/vc_row]\n<\/div>","protected":false},"excerpt":{"rendered":"<p>[vc_row full_width=&#8221;stretch_row&#8221; sharai_khana_custom_class=&#8221;section-content-block&#8221; css=&#8221;.vc_custom_1765837496906{background-color: #edf0f2 !important;}&#8221; el_class=&#8221;section-curve-white-overlary&#8221;][vc_column width=&#8221;1\/2&#8243;][vc_column_text css=&#8221;.vc_custom_1765837115774{margin-top: -2em !important;}&#8221;]Buscamos o condicionamento f\u00edsico e o aperfei\u00e7oamento dos 4 nados. S\u00e3o indicadas para praticantes experientes e iniciantes. S\u00e3o 40 minutos de aula, 2, 3 ou mais vezes por semana. A nata\u00e7\u00e3o \u00e9 um dos melhores esportes para manuten\u00e7\u00e3o da sa\u00fade, considerado o mais completo, pois [&hellip;]<\/p>\n","protected":false},"author":1,"featured_media":0,"parent":0,"menu_order":0,"comment_status":"closed","ping_status":"closed","template":"template-homepage-header1.php","meta":{"footnotes":""},"class_list":["post-4067","page","type-page","status-publish","hentry"],"yoast_head":"<!-- This site is optimized with the Yoast SEO plugin v27.4 - https:\/\/yoast.com\/product\/yoast-seo-wordpress\/ -->\n<title>Nata\u00e7\u00e3o Adulto - Hidrovida G\u00e1vea: Nata\u00e7\u00e3o, Hidro, Fisioterapia e Studio no RJ<\/title>\n<meta name=\"robots\" content=\"noindex, follow, max-snippet:-1, max-image-preview:large, max-video-preview:-1\" \/>\n<meta property=\"og:locale\" content=\"pt_BR\" \/>\n<meta property=\"og:type\" content=\"article\" \/>\n<meta property=\"og:title\" content=\"Nata\u00e7\u00e3o Adulto - Hidrovida G\u00e1vea: Nata\u00e7\u00e3o, Hidro, Fisioterapia e Studio no RJ\" \/>\n<meta property=\"og:description\" content=\"[vc_row full_width=&#8221;stretch_row&#8221; sharai_khana_custom_class=&#8221;section-content-block&#8221; css=&#8221;.vc_custom_1765837496906{background-color: #edf0f2 !important;}&#8221; el_class=&#8221;section-curve-white-overlary&#8221;][vc_column width=&#8221;1\/2&#8243;][vc_column_text css=&#8221;.vc_custom_1765837115774{margin-top: -2em !important;}&#8221;]Buscamos o condicionamento f\u00edsico e o aperfei\u00e7oamento dos 4 nados. S\u00e3o indicadas para praticantes experientes e iniciantes. S\u00e3o 40 minutos de aula, 2, 3 ou mais vezes por semana. A nata\u00e7\u00e3o \u00e9 um dos melhores esportes para manuten\u00e7\u00e3o da sa\u00fade, considerado o mais completo, pois [&hellip;]\" \/>\n<meta property=\"og:url\" content=\"https:\/\/hidrovida.com.brnatacao-adulto\/\" \/>\n<meta property=\"og:site_name\" content=\"Hidrovida G\u00e1vea: Nata\u00e7\u00e3o, Hidro, Fisioterapia e Studio no RJ\" \/>\n<meta property=\"article:modified_time\" content=\"2025-12-16T00:08:51+00:00\" \/>\n<meta name=\"twitter:card\" content=\"summary_large_image\" \/>\n<meta name=\"twitter:label1\" content=\"Est. tempo de leitura\" \/>\n\t<meta name=\"twitter:data1\" content=\"1 minuto\" \/>\n<script type=\"application\/ld+json\" class=\"yoast-schema-graph\">{\"@context\":\"https:\\\/\\\/schema.org\",\"@graph\":[{\"@type\":\"WebPage\",\"@id\":\"https:\\\/\\\/hidrovida.com.brnatacao-adulto\\\/\",\"url\":\"https:\\\/\\\/hidrovida.com.brnatacao-adulto\\\/\",\"name\":\"Nata\u00e7\u00e3o Adulto - Hidrovida G\u00e1vea: Nata\u00e7\u00e3o, Hidro, Fisioterapia e Studio no RJ\",\"isPartOf\":{\"@id\":\"https:\\\/\\\/hidrovida.com.br\\\/#website\"},\"datePublished\":\"2025-12-15T23:58:52+00:00\",\"dateModified\":\"2025-12-16T00:08:51+00:00\",\"breadcrumb\":{\"@id\":\"https:\\\/\\\/hidrovida.com.brnatacao-adulto\\\/#breadcrumb\"},\"inLanguage\":\"pt-BR\",\"potentialAction\":[{\"@type\":\"ReadAction\",\"target\":[\"https:\\\/\\\/hidrovida.com.brnatacao-adulto\\\/\"]}]},{\"@type\":\"BreadcrumbList\",\"@id\":\"https:\\\/\\\/hidrovida.com.brnatacao-adulto\\\/#breadcrumb\",\"itemListElement\":[{\"@type\":\"ListItem\",\"position\":1,\"name\":\"In\u00edcio\",\"item\":\"https:\\\/\\\/hidrovida.com.br\"},{\"@type\":\"ListItem\",\"position\":2,\"name\":\"Nata\u00e7\u00e3o Adulto\"}]},{\"@type\":\"WebSite\",\"@id\":\"https:\\\/\\\/hidrovida.com.br\\\/#website\",\"url\":\"https:\\\/\\\/hidrovida.com.br\\\/\",\"name\":\"My Blog\",\"description\":\"\",\"potentialAction\":[{\"@type\":\"SearchAction\",\"target\":{\"@type\":\"EntryPoint\",\"urlTemplate\":\"https:\\\/\\\/hidrovida.com.br\\\/?s={search_term_string}\"},\"query-input\":{\"@type\":\"PropertyValueSpecification\",\"valueRequired\":true,\"valueName\":\"search_term_string\"}}],\"inLanguage\":\"pt-BR\"}]}<\/script>\n<!-- \/ Yoast SEO plugin. -->","yoast_head_json":{"title":"Nata\u00e7\u00e3o Adulto - Hidrovida G\u00e1vea: Nata\u00e7\u00e3o, Hidro, Fisioterapia e Studio no RJ","robots":{"index":"noindex","follow":"follow","max-snippet":"max-snippet:-1","max-image-preview":"max-image-preview:large","max-video-preview":"max-video-preview:-1"},"og_locale":"pt_BR","og_type":"article","og_title":"Nata\u00e7\u00e3o Adulto - Hidrovida G\u00e1vea: Nata\u00e7\u00e3o, Hidro, Fisioterapia e Studio no RJ","og_description":"[vc_row full_width=&#8221;stretch_row&#8221; sharai_khana_custom_class=&#8221;section-content-block&#8221; css=&#8221;.vc_custom_1765837496906{background-color: #edf0f2 !important;}&#8221; el_class=&#8221;section-curve-white-overlary&#8221;][vc_column width=&#8221;1\/2&#8243;][vc_column_text css=&#8221;.vc_custom_1765837115774{margin-top: -2em !important;}&#8221;]Buscamos o condicionamento f\u00edsico e o aperfei\u00e7oamento dos 4 nados. S\u00e3o indicadas para praticantes experientes e iniciantes. S\u00e3o 40 minutos de aula, 2, 3 ou mais vezes por semana. A nata\u00e7\u00e3o \u00e9 um dos melhores esportes para manuten\u00e7\u00e3o da sa\u00fade, considerado o mais completo, pois [&hellip;]","og_url":"https:\/\/hidrovida.com.brnatacao-adulto\/","og_site_name":"Hidrovida G\u00e1vea: Nata\u00e7\u00e3o, Hidro, Fisioterapia e Studio no RJ","article_modified_time":"2025-12-16T00:08:51+00:00","twitter_card":"summary_large_image","twitter_misc":{"Est. tempo de leitura":"1 minuto"},"schema":{"@context":"https:\/\/schema.org","@graph":[{"@type":"WebPage","@id":"https:\/\/hidrovida.com.brnatacao-adulto\/","url":"https:\/\/hidrovida.com.brnatacao-adulto\/","name":"Nata\u00e7\u00e3o Adulto - Hidrovida G\u00e1vea: Nata\u00e7\u00e3o, Hidro, Fisioterapia e Studio no RJ","isPartOf":{"@id":"https:\/\/hidrovida.com.br\/#website"},"datePublished":"2025-12-15T23:58:52+00:00","dateModified":"2025-12-16T00:08:51+00:00","breadcrumb":{"@id":"https:\/\/hidrovida.com.brnatacao-adulto\/#breadcrumb"},"inLanguage":"pt-BR","potentialAction":[{"@type":"ReadAction","target":["https:\/\/hidrovida.com.brnatacao-adulto\/"]}]},{"@type":"BreadcrumbList","@id":"https:\/\/hidrovida.com.brnatacao-adulto\/#breadcrumb","itemListElement":[{"@type":"ListItem","position":1,"name":"In\u00edcio","item":"https:\/\/hidrovida.com.br"},{"@type":"ListItem","position":2,"name":"Nata\u00e7\u00e3o Adulto"}]},{"@type":"WebSite","@id":"https:\/\/hidrovida.com.br\/#website","url":"https:\/\/hidrovida.com.br\/","name":"My Blog","description":"","potentialAction":[{"@type":"SearchAction","target":{"@type":"EntryPoint","urlTemplate":"https:\/\/hidrovida.com.br\/?s={search_term_string}"},"query-input":{"@type":"PropertyValueSpecification","valueRequired":true,"valueName":"search_term_string"}}],"inLanguage":"pt-BR"}]}},"_links":{"self":[{"href":"https:\/\/evangelhodoseo.com.br\/hidrovida\/wp-json\/wp\/v2\/pages\/4067","targetHints":{"allow":["GET"]}}],"collection":[{"href":"https:\/\/evangelhodoseo.com.br\/hidrovida\/wp-json\/wp\/v2\/pages"}],"about":[{"href":"https:\/\/evangelhodoseo.com.br\/hidrovida\/wp-json\/wp\/v2\/types\/page"}],"author":[{"embeddable":true,"href":"https:\/\/evangelhodoseo.com.br\/hidrovida\/wp-json\/wp\/v2\/users\/1"}],"replies":[{"embeddable":true,"href":"https:\/\/evangelhodoseo.com.br\/hidrovida\/wp-json\/wp\/v2\/comments?post=4067"}],"version-history":[{"count":2,"href":"https:\/\/evangelhodoseo.com.br\/hidrovida\/wp-json\/wp\/v2\/pages\/4067\/revisions"}],"predecessor-version":[{"id":4085,"href":"https:\/\/evangelhodoseo.com.br\/hidrovida\/wp-json\/wp\/v2\/pages\/4067\/revisions\/4085"}],"wp:attachment":[{"href":"https:\/\/evangelhodoseo.com.br\/hidrovida\/wp-json\/wp\/v2\/media?parent=4067"}],"curies":[{"name":"wp","href":"https:\/\/api.w.org\/{rel}","templated":true}]}}