{"id":3775,"date":"2025-09-02T01:13:18","date_gmt":"2025-09-02T01:13:18","guid":{"rendered":"https:\/\/evangelhodoseo.com.br\/hidrovida\/?page_id=3775"},"modified":"2025-12-16T00:07:38","modified_gmt":"2025-12-16T00:07:38","slug":"natacao-bebe","status":"publish","type":"page","link":"https:\/\/evangelhodoseo.com.br\/hidrovida\/natacao-bebe\/","title":{"rendered":"Nata\u00e7\u00e3o Beb\u00ea"},"content":{"rendered":"<div class=\"wpb-content-wrapper\">[vc_row full_width=&#8221;stretch_row&#8221; sharai_khana_custom_class=&#8221;section-content-block&#8221; css=&#8221;.vc_custom_1765839730132{background-color: #edf0f2 !important;}&#8221; el_class=&#8221;section-curve-white-overlary&#8221;][vc_column width=&#8221;1\/2&#8243;]<div class=\"row section-heading-wrapper\">\n                            <div class=\"col-md-12 col-sm-12 text-left\">\n                                <h2 class=\"section-heading heading-alt-style\" >Nata\u00e7\u00e3o para Beb\u00eas<\/h2>\n                                <span class=\"heading-separator heading-separator-horizontal\"><\/span>\n                                \n                            <\/div>\n                        <\/div>[vc_column_text css=&#8221;.vc_custom_1765840038160{margin-top: -2em !important;margin-bottom: -1em !important;}&#8221;]Busca estimular suas aptid\u00f5es, trabalhando a coragem para se movimentarem, desafiando o novo e o desconhecido, conquistando sua autonomia. Muito divertida, estimulante e asseguradora, estando na companhia dos pais ou respons\u00e1veis, da\u00ed a denomina\u00e7\u00e3o da aula \u201cBeb\u00ea com m\u00e3e\u201d. Com m\u00e3e, com pai, com outro respons\u00e1vel capaz de proporcionar a sensa\u00e7\u00e3o de carinho e acolhimento.<\/p>\n<p>As aulas com beb\u00eas iniciam geralmente aos seis meses de idade, ou antes, sempre com libera\u00e7\u00e3o do pediatra., e se estendem via de regra at\u00e9 os dois anos de idade, conforme a avalia\u00e7\u00e3o peri\u00f3dica de sua evolu\u00e7\u00e3o. O objetivo nesta fase \u00e9 desenvolver a socializa\u00e7\u00e3o, a capacidade cardio-respirat\u00f3ria, a sa\u00fade f\u00edsica e mental e a autonomia.<\/p>\n<p>\u00c9 uma atividade que contribui para a sa\u00fade, sendo agente facilitador de seu desenvolvimento psicomotor.<br \/>\nOs pequenos ganham consci\u00eancia de seu corpo, experimentando novas sensa\u00e7\u00f5es, tornando-se mais confiantes, aut\u00f4nomos e soci\u00e1veis.<br \/>\nUm momento de total cumplicidade e prazer entre pais e filhos.A nata\u00e7\u00e3o \u00e9 um dos melhores esportes para manuten\u00e7\u00e3o da sa\u00fade, considerado o mais completo, pois trabalha praticamente todas as articula\u00e7\u00f5es e os principais grupos musculares.[\/vc_column_text][\/vc_column][vc_column width=&#8221;1\/2&#8243; css=&#8221;.vc_custom_1765839872738{padding-top: 60px !important;}&#8221;][vc_single_image image=&#8221;3778&#8243; img_size=&#8221;full&#8221; css=&#8221;&#8221;][\/vc_column][\/vc_row][vc_row content_placement=&#8221;middle&#8221; sharai_khana_custom_class=&#8221;section-content-block&#8221; css=&#8221;.vc_custom_1756510918705{margin-top: -3em !important;}&#8221;][vc_column]<div class=\"row section-heading-wrapper\">\n                            <div class=\"col-md-12 col-sm-12 text-center\">\n                                <h2 class=\"section-heading\" >Benef\u00edcios<\/h2>\n                                <span class=\"heading-separator heading-separator-horizontal\"><\/span>\n                                \n                            <\/div>\n                        <\/div>[vc_row_inner css=&#8221;.vc_custom_1765843519116{margin-top: -2em !important;}&#8221;][vc_column_inner]<div class=\"item_3 row process-block \" ><div class=\"col-md-4 col-sm-6 col-xs-12 \">\n                        <div class=\"process-step-1 text-left \" >\n                             \n                            <h3>1<\/h3>\n                            <div class=\"process-info\">Estimula o desenvolvimento psicomotor<\/div>\n                        <\/div> \n                    <\/div><div class=\"col-md-4 col-sm-6 col-xs-12 \">\n                        <div class=\"process-step-1 text-left \" >\n                             \n                            <h3>2<\/h3>\n                            <div class=\"process-info\">Aumenta o v\u00ednculo afetivo entre pais e filhos<\/div>\n                        <\/div> \n                    <\/div><div class=\"col-md-4 col-sm-6 col-xs-12 \">\n                        <div class=\"process-step-1 text-left \" >\n                             \n                            <h3>3<\/h3>\n                            <div class=\"process-info\">Relaxa e melhora o sono<\/div>\n                        <\/div> \n                    <\/div><\/div>[\/vc_column_inner][\/vc_row_inner][vc_row_inner css=&#8221;.vc_custom_1765843619804{margin-top: 10px !important;}&#8221;][vc_column_inner]<div class=\"item_3 row process-block \" ><div class=\"col-md-4 col-sm-6 col-xs-12 \">\n                        <div class=\"process-step-1 text-left \" >\n                             \n                            <h3>4<\/h3>\n                            <div class=\"process-info\">Estimula o apetite<\/div>\n                        <\/div> \n                    <\/div><div class=\"col-md-4 col-sm-6 col-xs-12 \">\n                        <div class=\"process-step-1 text-left \" >\n                             \n                            <h3>5<\/h3>\n                            <div class=\"process-info\">Previne algumas doen\u00e7as respirat\u00f3rias<\/div>\n                        <\/div> \n                    <\/div><div class=\"col-md-4 col-sm-6 col-xs-12 \">\n                        <div class=\"process-step-1 text-left \" >\n                             \n                            <h3>6<\/h3>\n                            <div class=\"process-info\">Combate a obesidade<\/div>\n                        <\/div> \n                    <\/div><\/div>[\/vc_column_inner][\/vc_row_inner][vc_row_inner css=&#8221;.vc_custom_1765843662500{margin-top: 10px !important;}&#8221;][vc_column_inner]<div class=\"item_3 row process-block \" ><div class=\"col-md-4 col-sm-6 col-xs-12 \">\n                        <div class=\"process-step-1 text-left \" >\n                             \n                            <h3>7<\/h3>\n                            <div class=\"process-info\">Ajuda na socializa\u00e7\u00e3o<\/div>\n                        <\/div> \n                    <\/div><div class=\"col-md-4 col-sm-6 col-xs-12 \">\n                        <div class=\"process-step-1 text-left \" >\n                             \n                            <h3>8<\/h3>\n                            <div class=\"process-info\">Contribui para o aumento da capacidade cardiorrespirat\u00f3ria e da resist\u00eancia muscular<\/div>\n                        <\/div> \n                    <\/div><\/div>[\/vc_column_inner][\/vc_row_inner][\/vc_column][\/vc_row]\n<\/div>","protected":false},"excerpt":{"rendered":"<p>[vc_row full_width=&#8221;stretch_row&#8221; sharai_khana_custom_class=&#8221;section-content-block&#8221; css=&#8221;.vc_custom_1765839730132{background-color: #edf0f2 !important;}&#8221; el_class=&#8221;section-curve-white-overlary&#8221;][vc_column width=&#8221;1\/2&#8243;][vc_column_text css=&#8221;.vc_custom_1765840038160{margin-top: -2em !important;margin-bottom: -1em !important;}&#8221;]Busca estimular suas aptid\u00f5es, trabalhando a coragem para se movimentarem, desafiando o novo e o desconhecido, conquistando sua autonomia. Muito divertida, estimulante e asseguradora, estando na companhia dos pais ou respons\u00e1veis, da\u00ed a denomina\u00e7\u00e3o da aula \u201cBeb\u00ea com m\u00e3e\u201d. Com m\u00e3e, com pai, [&hellip;]<\/p>\n","protected":false},"author":2,"featured_media":0,"parent":0,"menu_order":0,"comment_status":"closed","ping_status":"closed","template":"template-homepage-header1.php","meta":{"footnotes":""},"class_list":["post-3775","page","type-page","status-publish","hentry"],"yoast_head":"<!-- This site is optimized with the Yoast SEO plugin v27.4 - https:\/\/yoast.com\/product\/yoast-seo-wordpress\/ -->\n<title>Nata\u00e7\u00e3o Beb\u00ea - Hidrovida G\u00e1vea: Nata\u00e7\u00e3o, Hidro, Fisioterapia e Studio no RJ<\/title>\n<meta name=\"robots\" content=\"noindex, follow, max-snippet:-1, max-image-preview:large, max-video-preview:-1\" \/>\n<meta property=\"og:locale\" content=\"pt_BR\" \/>\n<meta property=\"og:type\" content=\"article\" \/>\n<meta property=\"og:title\" content=\"Nata\u00e7\u00e3o Beb\u00ea - Hidrovida G\u00e1vea: Nata\u00e7\u00e3o, Hidro, Fisioterapia e Studio no RJ\" \/>\n<meta property=\"og:description\" content=\"[vc_row full_width=&#8221;stretch_row&#8221; sharai_khana_custom_class=&#8221;section-content-block&#8221; css=&#8221;.vc_custom_1765839730132{background-color: #edf0f2 !important;}&#8221; el_class=&#8221;section-curve-white-overlary&#8221;][vc_column width=&#8221;1\/2&#8243;][vc_column_text css=&#8221;.vc_custom_1765840038160{margin-top: -2em !important;margin-bottom: -1em !important;}&#8221;]Busca estimular suas aptid\u00f5es, trabalhando a coragem para se movimentarem, desafiando o novo e o desconhecido, conquistando sua autonomia. Muito divertida, estimulante e asseguradora, estando na companhia dos pais ou respons\u00e1veis, da\u00ed a denomina\u00e7\u00e3o da aula \u201cBeb\u00ea com m\u00e3e\u201d. Com m\u00e3e, com pai, [&hellip;]\" \/>\n<meta property=\"og:url\" content=\"https:\/\/hidrovida.com.brnatacao-bebe\/\" \/>\n<meta property=\"og:site_name\" content=\"Hidrovida G\u00e1vea: Nata\u00e7\u00e3o, Hidro, Fisioterapia e Studio no RJ\" \/>\n<meta property=\"article:modified_time\" content=\"2025-12-16T00:07:38+00:00\" \/>\n<meta name=\"twitter:card\" content=\"summary_large_image\" \/>\n<meta name=\"twitter:label1\" content=\"Est. tempo de leitura\" \/>\n\t<meta name=\"twitter:data1\" content=\"3 minutos\" \/>\n<script type=\"application\/ld+json\" class=\"yoast-schema-graph\">{\"@context\":\"https:\\\/\\\/schema.org\",\"@graph\":[{\"@type\":\"WebPage\",\"@id\":\"https:\\\/\\\/hidrovida.com.brnatacao-bebe\\\/\",\"url\":\"https:\\\/\\\/hidrovida.com.brnatacao-bebe\\\/\",\"name\":\"Nata\u00e7\u00e3o Beb\u00ea - Hidrovida G\u00e1vea: Nata\u00e7\u00e3o, Hidro, Fisioterapia e Studio no RJ\",\"isPartOf\":{\"@id\":\"https:\\\/\\\/hidrovida.com.br\\\/#website\"},\"datePublished\":\"2025-09-02T01:13:18+00:00\",\"dateModified\":\"2025-12-16T00:07:38+00:00\",\"breadcrumb\":{\"@id\":\"https:\\\/\\\/hidrovida.com.brnatacao-bebe\\\/#breadcrumb\"},\"inLanguage\":\"pt-BR\",\"potentialAction\":[{\"@type\":\"ReadAction\",\"target\":[\"https:\\\/\\\/hidrovida.com.brnatacao-bebe\\\/\"]}]},{\"@type\":\"BreadcrumbList\",\"@id\":\"https:\\\/\\\/hidrovida.com.brnatacao-bebe\\\/#breadcrumb\",\"itemListElement\":[{\"@type\":\"ListItem\",\"position\":1,\"name\":\"In\u00edcio\",\"item\":\"https:\\\/\\\/hidrovida.com.br\"},{\"@type\":\"ListItem\",\"position\":2,\"name\":\"Nata\u00e7\u00e3o Beb\u00ea\"}]},{\"@type\":\"WebSite\",\"@id\":\"https:\\\/\\\/hidrovida.com.br\\\/#website\",\"url\":\"https:\\\/\\\/hidrovida.com.br\\\/\",\"name\":\"My Blog\",\"description\":\"\",\"potentialAction\":[{\"@type\":\"SearchAction\",\"target\":{\"@type\":\"EntryPoint\",\"urlTemplate\":\"https:\\\/\\\/hidrovida.com.br\\\/?s={search_term_string}\"},\"query-input\":{\"@type\":\"PropertyValueSpecification\",\"valueRequired\":true,\"valueName\":\"search_term_string\"}}],\"inLanguage\":\"pt-BR\"}]}<\/script>\n<!-- \/ Yoast SEO plugin. -->","yoast_head_json":{"title":"Nata\u00e7\u00e3o Beb\u00ea - Hidrovida G\u00e1vea: Nata\u00e7\u00e3o, Hidro, Fisioterapia e Studio no RJ","robots":{"index":"noindex","follow":"follow","max-snippet":"max-snippet:-1","max-image-preview":"max-image-preview:large","max-video-preview":"max-video-preview:-1"},"og_locale":"pt_BR","og_type":"article","og_title":"Nata\u00e7\u00e3o Beb\u00ea - Hidrovida G\u00e1vea: Nata\u00e7\u00e3o, Hidro, Fisioterapia e Studio no RJ","og_description":"[vc_row full_width=&#8221;stretch_row&#8221; sharai_khana_custom_class=&#8221;section-content-block&#8221; css=&#8221;.vc_custom_1765839730132{background-color: #edf0f2 !important;}&#8221; el_class=&#8221;section-curve-white-overlary&#8221;][vc_column width=&#8221;1\/2&#8243;][vc_column_text css=&#8221;.vc_custom_1765840038160{margin-top: -2em !important;margin-bottom: -1em !important;}&#8221;]Busca estimular suas aptid\u00f5es, trabalhando a coragem para se movimentarem, desafiando o novo e o desconhecido, conquistando sua autonomia. Muito divertida, estimulante e asseguradora, estando na companhia dos pais ou respons\u00e1veis, da\u00ed a denomina\u00e7\u00e3o da aula \u201cBeb\u00ea com m\u00e3e\u201d. Com m\u00e3e, com pai, [&hellip;]","og_url":"https:\/\/hidrovida.com.brnatacao-bebe\/","og_site_name":"Hidrovida G\u00e1vea: Nata\u00e7\u00e3o, Hidro, Fisioterapia e Studio no RJ","article_modified_time":"2025-12-16T00:07:38+00:00","twitter_card":"summary_large_image","twitter_misc":{"Est. tempo de leitura":"3 minutos"},"schema":{"@context":"https:\/\/schema.org","@graph":[{"@type":"WebPage","@id":"https:\/\/hidrovida.com.brnatacao-bebe\/","url":"https:\/\/hidrovida.com.brnatacao-bebe\/","name":"Nata\u00e7\u00e3o Beb\u00ea - Hidrovida G\u00e1vea: Nata\u00e7\u00e3o, Hidro, Fisioterapia e Studio no RJ","isPartOf":{"@id":"https:\/\/hidrovida.com.br\/#website"},"datePublished":"2025-09-02T01:13:18+00:00","dateModified":"2025-12-16T00:07:38+00:00","breadcrumb":{"@id":"https:\/\/hidrovida.com.brnatacao-bebe\/#breadcrumb"},"inLanguage":"pt-BR","potentialAction":[{"@type":"ReadAction","target":["https:\/\/hidrovida.com.brnatacao-bebe\/"]}]},{"@type":"BreadcrumbList","@id":"https:\/\/hidrovida.com.brnatacao-bebe\/#breadcrumb","itemListElement":[{"@type":"ListItem","position":1,"name":"In\u00edcio","item":"https:\/\/hidrovida.com.br"},{"@type":"ListItem","position":2,"name":"Nata\u00e7\u00e3o Beb\u00ea"}]},{"@type":"WebSite","@id":"https:\/\/hidrovida.com.br\/#website","url":"https:\/\/hidrovida.com.br\/","name":"My Blog","description":"","potentialAction":[{"@type":"SearchAction","target":{"@type":"EntryPoint","urlTemplate":"https:\/\/hidrovida.com.br\/?s={search_term_string}"},"query-input":{"@type":"PropertyValueSpecification","valueRequired":true,"valueName":"search_term_string"}}],"inLanguage":"pt-BR"}]}},"_links":{"self":[{"href":"https:\/\/evangelhodoseo.com.br\/hidrovida\/wp-json\/wp\/v2\/pages\/3775","targetHints":{"allow":["GET"]}}],"collection":[{"href":"https:\/\/evangelhodoseo.com.br\/hidrovida\/wp-json\/wp\/v2\/pages"}],"about":[{"href":"https:\/\/evangelhodoseo.com.br\/hidrovida\/wp-json\/wp\/v2\/types\/page"}],"author":[{"embeddable":true,"href":"https:\/\/evangelhodoseo.com.br\/hidrovida\/wp-json\/wp\/v2\/users\/2"}],"replies":[{"embeddable":true,"href":"https:\/\/evangelhodoseo.com.br\/hidrovida\/wp-json\/wp\/v2\/comments?post=3775"}],"version-history":[{"count":16,"href":"https:\/\/evangelhodoseo.com.br\/hidrovida\/wp-json\/wp\/v2\/pages\/3775\/revisions"}],"predecessor-version":[{"id":4084,"href":"https:\/\/evangelhodoseo.com.br\/hidrovida\/wp-json\/wp\/v2\/pages\/3775\/revisions\/4084"}],"wp:attachment":[{"href":"https:\/\/evangelhodoseo.com.br\/hidrovida\/wp-json\/wp\/v2\/media?parent=3775"}],"curies":[{"name":"wp","href":"https:\/\/api.w.org\/{rel}","templated":true}]}}