{"id":3759,"date":"2025-09-02T00:35:05","date_gmt":"2025-09-02T00:35:05","guid":{"rendered":"https:\/\/evangelhodoseo.com.br\/hidrovida\/?page_id=3759"},"modified":"2025-12-16T00:49:06","modified_gmt":"2025-12-16T00:49:06","slug":"hidroginastica","status":"publish","type":"page","link":"https:\/\/evangelhodoseo.com.br\/hidrovida\/hidroginastica\/","title":{"rendered":"Hidrogin\u00e1stica"},"content":{"rendered":"<div class=\"wpb-content-wrapper\">[vc_row full_width=&#8221;stretch_row&#8221; sharai_khana_custom_class=&#8221;section-content-block&#8221; css=&#8221;.vc_custom_1765837496906{background-color: #edf0f2 !important;}&#8221; el_class=&#8221;section-curve-white-overlary&#8221;][vc_column width=&#8221;1\/2&#8243;]<div class=\"row section-heading-wrapper\">\n                            <div class=\"col-md-12 col-sm-12 text-left\">\n                                <h2 class=\"section-heading heading-alt-style\" >Hidrogin\u00e1stica<\/h2>\n                                <span class=\"heading-separator heading-separator-horizontal\"><\/span>\n                                \n                            <\/div>\n                        <\/div>[vc_column_text css=&#8221;.vc_custom_1765844756167{margin-top: -2em !important;margin-bottom: -1em !important;}&#8221;]Os exerc\u00edcios aer\u00f3bicos na \u00e1gua promovem o melhor condicionamento cardiovascular e muscular, por meio do treinamento em flexibilidade, coordena\u00e7\u00e3o motora e relaxamento. Exerc\u00edcios intensos fortalecem ao tirar partido da resist\u00eancia ao movimento proporcionada pela \u00e1gua. Exerc\u00edcios suaves treinam o equil\u00edbrio ao reagir contra o desequil\u00edbrio proporcionado pela instabilidade da \u00e1gua e, ademais, utilizando procedimentos como a transposi\u00e7\u00e3o de obst\u00e1culos (p.ex, pequenos cavaletes), aumentar a \u00e1rea de resist\u00eancia ao movimento utilizando toalhas ou halteres de EVA, etc\u00a0 \u00c9 muito eficaz no combate ao estresse contribuindo para melhoria da qualidade de vida.<\/p>\n<p>Permite facilmente dosar a intensidade e natureza dos exerc\u00edcios, desde a modalidade Hidro Power at\u00e9 a modalidade mais suave para gestantes (Hidrogestante); desde aquela mais voltada para treino de equil\u00edbrio e preven\u00e7\u00e3o de quedas at\u00e9 aquela que reproduz os movimentos funcionais. Sempre com a vantagem de ser realizada em ambiente enriquecido de est\u00edmulos, aliviado da for\u00e7a da gravidade e induzindo a reagir ao desequil\u00edbrio provocado pela \u00e1gua \u2013 s\u00e3o os benef\u00edcios associados \u00e0 imers\u00e3o![\/vc_column_text][\/vc_column][vc_column width=&#8221;1\/2&#8243; css=&#8221;.vc_custom_1765844788817{padding-top: 60px !important;}&#8221;][vc_single_image image=&#8221;3945&#8243; img_size=&#8221;full&#8221; css=&#8221;&#8221;][\/vc_column][\/vc_row][vc_row content_placement=&#8221;middle&#8221; sharai_khana_custom_class=&#8221;section-content-block&#8221; css=&#8221;.vc_custom_1765846116322{margin-top: -2em !important;}&#8221;][vc_column]<h2 class=\"only-heading\"  >Hidrogestante<\/h2>[vc_column_text css=&#8221;&#8221;]Atividades aer\u00f3bicas, sem saltos e com frequ\u00eancia card\u00edaca controlada.\u00a0 Alivia as dores musculares e produz energia para o seu dia.[\/vc_column_text][\/vc_column][\/vc_row][vc_row content_placement=&#8221;middle&#8221; sharai_khana_custom_class=&#8221;section-content-block&#8221; css=&#8221;.vc_custom_1765846151791{margin-top: -7em !important;}&#8221;][vc_column]<div class=\"row section-heading-wrapper\">\n                            <div class=\"col-md-12 col-sm-12 text-center\">\n                                <h2 class=\"section-heading\" >Benef\u00edcios<\/h2>\n                                <span class=\"heading-separator heading-separator-horizontal\"><\/span>\n                                \n                            <\/div>\n                        <\/div>[vc_row_inner equal_height=&#8221;yes&#8221;][vc_column_inner css=&#8221;.vc_custom_1765842908394{margin-top: -2em !important;}&#8221;]<div class=\"item_3 row process-block \" ><div class=\"col-md-4 col-sm-6 col-xs-12 \">\n                        <div class=\"process-step-1 text-left \" >\n                             \n                            <h3>1<\/h3>\n                            <div class=\"process-info\">Diminui o estresse e a ansiedade<\/div>\n                        <\/div> \n                    <\/div><div class=\"col-md-4 col-sm-6 col-xs-12 \">\n                        <div class=\"process-step-1 text-left \" >\n                             \n                            <h3>2<\/h3>\n                            <div class=\"process-info\">Melhora a circula\u00e7\u00e3o e o incha\u00e7o<\/div>\n                        <\/div> \n                    <\/div><div class=\"col-md-4 col-sm-6 col-xs-12 \">\n                        <div class=\"process-step-1 text-left \" >\n                             \n                            <h3>3<\/h3>\n                            <div class=\"process-info\">Controla o peso corporal<\/div>\n                        <\/div> \n                    <\/div><\/div>[\/vc_column_inner][\/vc_row_inner][vc_row_inner equal_height=&#8221;yes&#8221; css=&#8221;.vc_custom_1765845205277{margin-top: 50px !important;}&#8221;][vc_column_inner css=&#8221;.vc_custom_1765842915277{margin-top: -2em !important;}&#8221;]<div class=\"item_3 row process-block \" ><div class=\"col-md-4 col-sm-6 col-xs-12 \">\n                        <div class=\"process-step-1 text-left \" >\n                             \n                            <h3>4<\/h3>\n                            <div class=\"process-info\">Previne a diabetes gestacional<\/div>\n                        <\/div> \n                    <\/div><div class=\"col-md-4 col-sm-6 col-xs-12 \">\n                        <div class=\"process-step-1 text-left \" >\n                             \n                            <h3>5<\/h3>\n                            <div class=\"process-info\">Melhora a qualidade do sono<\/div>\n                        <\/div> \n                    <\/div><\/div>[\/vc_column_inner][\/vc_row_inner][vc_row_inner equal_height=&#8221;yes&#8221; css=&#8221;.vc_custom_1765845173546{margin-top: 50px !important;}&#8221;][vc_column_inner css=&#8221;.vc_custom_1765842920801{margin-top: -2em !important;}&#8221;]<div class=\"item_3 row process-block \" ><div class=\"col-md-4 col-sm-6 col-xs-12 \">\n                        <div class=\"process-step-1 text-left \" >\n                             \n                            <h3>7<\/h3>\n                            <div class=\"process-info\">Condicionamento f\u00edsico<\/div>\n                        <\/div> \n                    <\/div><div class=\"col-md-4 col-sm-6 col-xs-12 \">\n                        <div class=\"process-step-1 text-left \" >\n                             \n                            <h3>8<\/h3>\n                            <div class=\"process-info\">Fortalece os m\u00fasculos do n\u00facleo abdominal central (\u201ccore\u201d), previnindo e tratando as lombalgias<\/div>\n                        <\/div> \n                    <\/div><\/div>[\/vc_column_inner][\/vc_row_inner][\/vc_column][\/vc_row]\n<\/div>","protected":false},"excerpt":{"rendered":"<p>[vc_row full_width=&#8221;stretch_row&#8221; sharai_khana_custom_class=&#8221;section-content-block&#8221; css=&#8221;.vc_custom_1765837496906{background-color: #edf0f2 !important;}&#8221; el_class=&#8221;section-curve-white-overlary&#8221;][vc_column width=&#8221;1\/2&#8243;][vc_column_text css=&#8221;.vc_custom_1765844756167{margin-top: -2em !important;margin-bottom: -1em !important;}&#8221;]Os exerc\u00edcios aer\u00f3bicos na \u00e1gua promovem o melhor condicionamento cardiovascular e muscular, por meio do treinamento em flexibilidade, coordena\u00e7\u00e3o motora e relaxamento. Exerc\u00edcios intensos fortalecem ao tirar partido da resist\u00eancia ao movimento proporcionada pela \u00e1gua. Exerc\u00edcios suaves treinam o equil\u00edbrio ao reagir contra [&hellip;]<\/p>\n","protected":false},"author":2,"featured_media":0,"parent":0,"menu_order":0,"comment_status":"closed","ping_status":"closed","template":"template-homepage-header1.php","meta":{"footnotes":""},"class_list":["post-3759","page","type-page","status-publish","hentry"],"yoast_head":"<!-- This site is optimized with the Yoast SEO plugin v27.4 - https:\/\/yoast.com\/product\/yoast-seo-wordpress\/ -->\n<title>Hidrogin\u00e1stica - Hidrovida G\u00e1vea: Nata\u00e7\u00e3o, Hidro, Fisioterapia e Studio no RJ<\/title>\n<meta name=\"robots\" content=\"noindex, follow, max-snippet:-1, max-image-preview:large, max-video-preview:-1\" \/>\n<meta property=\"og:locale\" content=\"pt_BR\" \/>\n<meta property=\"og:type\" content=\"article\" \/>\n<meta property=\"og:title\" content=\"Hidrogin\u00e1stica - Hidrovida G\u00e1vea: Nata\u00e7\u00e3o, Hidro, Fisioterapia e Studio no RJ\" \/>\n<meta property=\"og:description\" content=\"[vc_row full_width=&#8221;stretch_row&#8221; sharai_khana_custom_class=&#8221;section-content-block&#8221; css=&#8221;.vc_custom_1765837496906{background-color: #edf0f2 !important;}&#8221; el_class=&#8221;section-curve-white-overlary&#8221;][vc_column width=&#8221;1\/2&#8243;][vc_column_text css=&#8221;.vc_custom_1765844756167{margin-top: -2em !important;margin-bottom: -1em !important;}&#8221;]Os exerc\u00edcios aer\u00f3bicos na \u00e1gua promovem o melhor condicionamento cardiovascular e muscular, por meio do treinamento em flexibilidade, coordena\u00e7\u00e3o motora e relaxamento. Exerc\u00edcios intensos fortalecem ao tirar partido da resist\u00eancia ao movimento proporcionada pela \u00e1gua. Exerc\u00edcios suaves treinam o equil\u00edbrio ao reagir contra [&hellip;]\" \/>\n<meta property=\"og:url\" content=\"https:\/\/hidrovida.com.brhidroginastica\/\" \/>\n<meta property=\"og:site_name\" content=\"Hidrovida G\u00e1vea: Nata\u00e7\u00e3o, Hidro, Fisioterapia e Studio no RJ\" \/>\n<meta property=\"article:modified_time\" content=\"2025-12-16T00:49:06+00:00\" \/>\n<meta name=\"twitter:card\" content=\"summary_large_image\" \/>\n<meta name=\"twitter:label1\" content=\"Est. tempo de leitura\" \/>\n\t<meta name=\"twitter:data1\" content=\"2 minutos\" \/>\n<script type=\"application\/ld+json\" class=\"yoast-schema-graph\">{\"@context\":\"https:\\\/\\\/schema.org\",\"@graph\":[{\"@type\":\"WebPage\",\"@id\":\"https:\\\/\\\/hidrovida.com.brhidroginastica\\\/\",\"url\":\"https:\\\/\\\/hidrovida.com.brhidroginastica\\\/\",\"name\":\"Hidrogin\u00e1stica - Hidrovida G\u00e1vea: Nata\u00e7\u00e3o, Hidro, Fisioterapia e Studio no RJ\",\"isPartOf\":{\"@id\":\"https:\\\/\\\/hidrovida.com.br\\\/#website\"},\"datePublished\":\"2025-09-02T00:35:05+00:00\",\"dateModified\":\"2025-12-16T00:49:06+00:00\",\"breadcrumb\":{\"@id\":\"https:\\\/\\\/hidrovida.com.brhidroginastica\\\/#breadcrumb\"},\"inLanguage\":\"pt-BR\",\"potentialAction\":[{\"@type\":\"ReadAction\",\"target\":[\"https:\\\/\\\/hidrovida.com.brhidroginastica\\\/\"]}]},{\"@type\":\"BreadcrumbList\",\"@id\":\"https:\\\/\\\/hidrovida.com.brhidroginastica\\\/#breadcrumb\",\"itemListElement\":[{\"@type\":\"ListItem\",\"position\":1,\"name\":\"In\u00edcio\",\"item\":\"https:\\\/\\\/hidrovida.com.br\"},{\"@type\":\"ListItem\",\"position\":2,\"name\":\"Hidrogin\u00e1stica\"}]},{\"@type\":\"WebSite\",\"@id\":\"https:\\\/\\\/hidrovida.com.br\\\/#website\",\"url\":\"https:\\\/\\\/hidrovida.com.br\\\/\",\"name\":\"My Blog\",\"description\":\"\",\"potentialAction\":[{\"@type\":\"SearchAction\",\"target\":{\"@type\":\"EntryPoint\",\"urlTemplate\":\"https:\\\/\\\/hidrovida.com.br\\\/?s={search_term_string}\"},\"query-input\":{\"@type\":\"PropertyValueSpecification\",\"valueRequired\":true,\"valueName\":\"search_term_string\"}}],\"inLanguage\":\"pt-BR\"}]}<\/script>\n<!-- \/ Yoast SEO plugin. -->","yoast_head_json":{"title":"Hidrogin\u00e1stica - Hidrovida G\u00e1vea: Nata\u00e7\u00e3o, Hidro, Fisioterapia e Studio no RJ","robots":{"index":"noindex","follow":"follow","max-snippet":"max-snippet:-1","max-image-preview":"max-image-preview:large","max-video-preview":"max-video-preview:-1"},"og_locale":"pt_BR","og_type":"article","og_title":"Hidrogin\u00e1stica - Hidrovida G\u00e1vea: Nata\u00e7\u00e3o, Hidro, Fisioterapia e Studio no RJ","og_description":"[vc_row full_width=&#8221;stretch_row&#8221; sharai_khana_custom_class=&#8221;section-content-block&#8221; css=&#8221;.vc_custom_1765837496906{background-color: #edf0f2 !important;}&#8221; el_class=&#8221;section-curve-white-overlary&#8221;][vc_column width=&#8221;1\/2&#8243;][vc_column_text css=&#8221;.vc_custom_1765844756167{margin-top: -2em !important;margin-bottom: -1em !important;}&#8221;]Os exerc\u00edcios aer\u00f3bicos na \u00e1gua promovem o melhor condicionamento cardiovascular e muscular, por meio do treinamento em flexibilidade, coordena\u00e7\u00e3o motora e relaxamento. Exerc\u00edcios intensos fortalecem ao tirar partido da resist\u00eancia ao movimento proporcionada pela \u00e1gua. Exerc\u00edcios suaves treinam o equil\u00edbrio ao reagir contra [&hellip;]","og_url":"https:\/\/hidrovida.com.brhidroginastica\/","og_site_name":"Hidrovida G\u00e1vea: Nata\u00e7\u00e3o, Hidro, Fisioterapia e Studio no RJ","article_modified_time":"2025-12-16T00:49:06+00:00","twitter_card":"summary_large_image","twitter_misc":{"Est. tempo de leitura":"2 minutos"},"schema":{"@context":"https:\/\/schema.org","@graph":[{"@type":"WebPage","@id":"https:\/\/hidrovida.com.brhidroginastica\/","url":"https:\/\/hidrovida.com.brhidroginastica\/","name":"Hidrogin\u00e1stica - Hidrovida G\u00e1vea: Nata\u00e7\u00e3o, Hidro, Fisioterapia e Studio no RJ","isPartOf":{"@id":"https:\/\/hidrovida.com.br\/#website"},"datePublished":"2025-09-02T00:35:05+00:00","dateModified":"2025-12-16T00:49:06+00:00","breadcrumb":{"@id":"https:\/\/hidrovida.com.brhidroginastica\/#breadcrumb"},"inLanguage":"pt-BR","potentialAction":[{"@type":"ReadAction","target":["https:\/\/hidrovida.com.brhidroginastica\/"]}]},{"@type":"BreadcrumbList","@id":"https:\/\/hidrovida.com.brhidroginastica\/#breadcrumb","itemListElement":[{"@type":"ListItem","position":1,"name":"In\u00edcio","item":"https:\/\/hidrovida.com.br"},{"@type":"ListItem","position":2,"name":"Hidrogin\u00e1stica"}]},{"@type":"WebSite","@id":"https:\/\/hidrovida.com.br\/#website","url":"https:\/\/hidrovida.com.br\/","name":"My Blog","description":"","potentialAction":[{"@type":"SearchAction","target":{"@type":"EntryPoint","urlTemplate":"https:\/\/hidrovida.com.br\/?s={search_term_string}"},"query-input":{"@type":"PropertyValueSpecification","valueRequired":true,"valueName":"search_term_string"}}],"inLanguage":"pt-BR"}]}},"_links":{"self":[{"href":"https:\/\/evangelhodoseo.com.br\/hidrovida\/wp-json\/wp\/v2\/pages\/3759","targetHints":{"allow":["GET"]}}],"collection":[{"href":"https:\/\/evangelhodoseo.com.br\/hidrovida\/wp-json\/wp\/v2\/pages"}],"about":[{"href":"https:\/\/evangelhodoseo.com.br\/hidrovida\/wp-json\/wp\/v2\/types\/page"}],"author":[{"embeddable":true,"href":"https:\/\/evangelhodoseo.com.br\/hidrovida\/wp-json\/wp\/v2\/users\/2"}],"replies":[{"embeddable":true,"href":"https:\/\/evangelhodoseo.com.br\/hidrovida\/wp-json\/wp\/v2\/comments?post=3759"}],"version-history":[{"count":55,"href":"https:\/\/evangelhodoseo.com.br\/hidrovida\/wp-json\/wp\/v2\/pages\/3759\/revisions"}],"predecessor-version":[{"id":4105,"href":"https:\/\/evangelhodoseo.com.br\/hidrovida\/wp-json\/wp\/v2\/pages\/3759\/revisions\/4105"}],"wp:attachment":[{"href":"https:\/\/evangelhodoseo.com.br\/hidrovida\/wp-json\/wp\/v2\/media?parent=3759"}],"curies":[{"name":"wp","href":"https:\/\/api.w.org\/{rel}","templated":true}]}}