{"id":3748,"date":"2025-09-01T22:15:01","date_gmt":"2025-09-01T22:15:01","guid":{"rendered":"https:\/\/evangelhodoseo.com.br\/hidrovida\/?page_id=3748"},"modified":"2026-03-11T21:20:54","modified_gmt":"2026-03-11T21:20:54","slug":"bem-estar","status":"publish","type":"page","link":"https:\/\/evangelhodoseo.com.br\/hidrovida\/bem-estar\/","title":{"rendered":"Bem estar"},"content":{"rendered":"<div class=\"wpb-content-wrapper\">[vc_row css=&#8221;.vc_custom_1773263880875{padding-right: 20px !important;padding-left: 20px !important;}&#8221;][vc_column]<div class=\"row section-heading-wrapper\">\n                            <div class=\"col-md-12 col-sm-12 text-center\">\n                                <h2 class=\"section-heading\" >Conhe\u00e7a nossas pr\u00e1ticas de relaxamento<\/h2>\n                                <span class=\"heading-separator heading-separator-horizontal\"><\/span>\n                                <h4 class=\"section-subheading\">A imers\u00e3o na \u00e1gua aquecida por si s\u00f3 j\u00e1 traz sensa\u00e7\u00f5es de relaxamento e fazem voc\u00ea se sentir bem. Seja por remeter ao per\u00edodo uterino, seja pelas sensa\u00e7\u00f5es provocadas pela leve press\u00e3o da \u00e1gua deslizando sobre a pele e ativando os receptores de press\u00e3o superficiais (barorreceptores), seja pela sensa\u00e7\u00e3o de acolhimento proporcionada pela \u00e1gua aquecida atuando sobre os termorreceptores superficiais. Potencializar estes efeitos mediante exerc\u00edcios e movimentos adequados aumenta a sensa\u00e7\u00e3o de bem-estar e nos revigora para o enfrentamento das rotinas da vida di\u00e1ria.<br \/>\nA sigla ASG (Ambiental, Social e Governan\u00e7a) \u00e9 a vers\u00e3o em portugu\u00eas para Environmental, Social and Governance (ESG).<\/h4>\n                            <\/div>\n                        <\/div>[\/vc_column][\/vc_row][vc_row full_width=&#8221;stretch_row&#8221; sharai_khana_custom_class=&#8221;section-content-block&#8221; css=&#8221;.vc_custom_1756766020961{background-color: #edf0f2 !important;}&#8221; el_class=&#8221;section-curve-white-overlary&#8221;][vc_column width=&#8221;1\/2&#8243;]<div class=\"row section-heading-wrapper\">\n                            <div class=\"col-md-12 col-sm-12 text-left\">\n                                <h2 class=\"section-heading heading-alt-style\" >Watsu<\/h2>\n                                <span class=\"heading-separator heading-separator-horizontal\"><\/span>\n                                <h4 class=\"section-subheading subheading-alt-style\">No relaxamento passivo, conhecido como Watsu\u00ae, o paciente \u00e9 conduzido em movimentos ondulat\u00f3rios relaxantes, suavemente agitando os l\u00edquidos intersticiais e rompendo a rigidez articular e a tens\u00e3o muscular. Contribui tamb\u00e9m \u00e0 atenua\u00e7\u00e3o do estresse. Seu objetivo \u00e9 deixar o corpo livre na \u00e1gua, com o paciente relaxado, geralmente no colo do terapeuta. As partes do corpo com maior tens\u00e3o s\u00e3o alongadas. O terapeuta procura entrar em harmonia com a respira\u00e7\u00e3o do paciente, promovendo um relaxamento global.<\/h4>\n                            <\/div>\n                        <\/div>[\/vc_column][vc_column width=&#8221;1\/2&#8243;][vc_single_image image=&#8221;3939&#8243; img_size=&#8221;full&#8221; css=&#8221;.vc_custom_1765887010093{margin-bottom: 10px !important;}&#8221;][\/vc_column][\/vc_row][vc_row css=&#8221;.vc_custom_1773263896260{margin-top: 40px !important;margin-bottom: 20px !important;padding-right: 20px !important;padding-left: 20px !important;}&#8221;][vc_column width=&#8221;1\/2&#8243;][vc_single_image image=&#8221;3943&#8243; img_size=&#8221;full&#8221; css=&#8221;&#8221;][\/vc_column][vc_column width=&#8221;1\/2&#8243;]<div class=\"row section-heading-wrapper\">\n                            <div class=\"col-md-12 col-sm-12 text-left\">\n                                <h2 class=\"section-heading\" >Ai Chi<\/h2>\n                                <span class=\"heading-separator heading-separator-horizontal\"><\/span>\n                                <h4 class=\"section-subheading\">No relaxamento ativo, utilizando a t\u00e9cnica Ai Chi, o paciente participa ativamente da realiza\u00e7\u00e3o de exerc\u00edcios relaxantes que reduzem o estresse e induzem ludicamente ao treino da coordena\u00e7\u00e3o, equil\u00edbrio e postura e ao aumento da percep\u00e7\u00e3o corporal, objetivos da terapia aqu\u00e1tica. S\u00e3o exerc\u00edcios amplos, lentos e coordenados com a respira\u00e7\u00e3o diafragm\u00e1tica, similares ao Tai Chi Chuan.<\/h4>\n                            <\/div>\n                        <\/div>[\/vc_column][\/vc_row]\n<\/div>","protected":false},"excerpt":{"rendered":"<p>[vc_row css=&#8221;.vc_custom_1773263880875{padding-right: 20px !important;padding-left: 20px !important;}&#8221;][vc_column][\/vc_column][\/vc_row][vc_row full_width=&#8221;stretch_row&#8221; sharai_khana_custom_class=&#8221;section-content-block&#8221; css=&#8221;.vc_custom_1756766020961{background-color: #edf0f2 !important;}&#8221; el_class=&#8221;section-curve-white-overlary&#8221;][vc_column width=&#8221;1\/2&#8243;][\/vc_column][vc_column width=&#8221;1\/2&#8243;][vc_single_image image=&#8221;3939&#8243; img_size=&#8221;full&#8221; css=&#8221;.vc_custom_1765887010093{margin-bottom: 10px !important;}&#8221;][\/vc_column][\/vc_row][vc_row css=&#8221;.vc_custom_1773263896260{margin-top: 40px !important;margin-bottom: 20px !important;padding-right: 20px !important;padding-left: 20px !important;}&#8221;][vc_column width=&#8221;1\/2&#8243;][vc_single_image image=&#8221;3943&#8243; img_size=&#8221;full&#8221; css=&#8221;&#8221;][\/vc_column][vc_column width=&#8221;1\/2&#8243;][\/vc_column][\/vc_row]<\/p>\n","protected":false},"author":2,"featured_media":0,"parent":0,"menu_order":0,"comment_status":"closed","ping_status":"closed","template":"template-homepage-header1.php","meta":{"footnotes":""},"class_list":["post-3748","page","type-page","status-publish","hentry"],"yoast_head":"<!-- This site is optimized with the Yoast SEO plugin v27.4 - https:\/\/yoast.com\/product\/yoast-seo-wordpress\/ -->\n<title>Bem estar - Hidrovida G\u00e1vea: Nata\u00e7\u00e3o, Hidro, Fisioterapia e Studio no RJ<\/title>\n<meta name=\"robots\" content=\"noindex, follow, max-snippet:-1, max-image-preview:large, max-video-preview:-1\" \/>\n<meta property=\"og:locale\" content=\"pt_BR\" \/>\n<meta property=\"og:type\" content=\"article\" \/>\n<meta property=\"og:title\" content=\"Bem estar - Hidrovida G\u00e1vea: Nata\u00e7\u00e3o, Hidro, Fisioterapia e Studio no RJ\" \/>\n<meta property=\"og:description\" content=\"[vc_row css=&#8221;.vc_custom_1773263880875{padding-right: 20px !important;padding-left: 20px !important;}&#8221;][vc_column][\/vc_column][\/vc_row][vc_row full_width=&#8221;stretch_row&#8221; sharai_khana_custom_class=&#8221;section-content-block&#8221; css=&#8221;.vc_custom_1756766020961{background-color: #edf0f2 !important;}&#8221; el_class=&#8221;section-curve-white-overlary&#8221;][vc_column width=&#8221;1\/2&#8243;][\/vc_column][vc_column width=&#8221;1\/2&#8243;][vc_single_image image=&#8221;3939&#8243; img_size=&#8221;full&#8221; css=&#8221;.vc_custom_1765887010093{margin-bottom: 10px !important;}&#8221;][\/vc_column][\/vc_row][vc_row css=&#8221;.vc_custom_1773263896260{margin-top: 40px !important;margin-bottom: 20px !important;padding-right: 20px !important;padding-left: 20px !important;}&#8221;][vc_column width=&#8221;1\/2&#8243;][vc_single_image image=&#8221;3943&#8243; img_size=&#8221;full&#8221; css=&#8221;&#8221;][\/vc_column][vc_column width=&#8221;1\/2&#8243;][\/vc_column][\/vc_row]\" \/>\n<meta property=\"og:url\" content=\"https:\/\/hidrovida.com.brbem-estar\/\" \/>\n<meta property=\"og:site_name\" content=\"Hidrovida G\u00e1vea: Nata\u00e7\u00e3o, Hidro, Fisioterapia e Studio no RJ\" \/>\n<meta property=\"article:modified_time\" content=\"2026-03-11T21:20:54+00:00\" \/>\n<meta name=\"twitter:card\" content=\"summary_large_image\" \/>\n<meta name=\"twitter:label1\" content=\"Est. tempo de leitura\" \/>\n\t<meta name=\"twitter:data1\" content=\"2 minutos\" \/>\n<script type=\"application\/ld+json\" class=\"yoast-schema-graph\">{\"@context\":\"https:\\\/\\\/schema.org\",\"@graph\":[{\"@type\":\"WebPage\",\"@id\":\"https:\\\/\\\/hidrovida.com.brbem-estar\\\/\",\"url\":\"https:\\\/\\\/hidrovida.com.brbem-estar\\\/\",\"name\":\"Bem estar - Hidrovida G\u00e1vea: Nata\u00e7\u00e3o, Hidro, Fisioterapia e Studio no RJ\",\"isPartOf\":{\"@id\":\"https:\\\/\\\/hidrovida.com.br\\\/#website\"},\"datePublished\":\"2025-09-01T22:15:01+00:00\",\"dateModified\":\"2026-03-11T21:20:54+00:00\",\"breadcrumb\":{\"@id\":\"https:\\\/\\\/hidrovida.com.brbem-estar\\\/#breadcrumb\"},\"inLanguage\":\"pt-BR\",\"potentialAction\":[{\"@type\":\"ReadAction\",\"target\":[\"https:\\\/\\\/hidrovida.com.brbem-estar\\\/\"]}]},{\"@type\":\"BreadcrumbList\",\"@id\":\"https:\\\/\\\/hidrovida.com.brbem-estar\\\/#breadcrumb\",\"itemListElement\":[{\"@type\":\"ListItem\",\"position\":1,\"name\":\"In\u00edcio\",\"item\":\"https:\\\/\\\/hidrovida.com.br\"},{\"@type\":\"ListItem\",\"position\":2,\"name\":\"Bem estar\"}]},{\"@type\":\"WebSite\",\"@id\":\"https:\\\/\\\/hidrovida.com.br\\\/#website\",\"url\":\"https:\\\/\\\/hidrovida.com.br\\\/\",\"name\":\"My Blog\",\"description\":\"\",\"potentialAction\":[{\"@type\":\"SearchAction\",\"target\":{\"@type\":\"EntryPoint\",\"urlTemplate\":\"https:\\\/\\\/hidrovida.com.br\\\/?s={search_term_string}\"},\"query-input\":{\"@type\":\"PropertyValueSpecification\",\"valueRequired\":true,\"valueName\":\"search_term_string\"}}],\"inLanguage\":\"pt-BR\"}]}<\/script>\n<!-- \/ Yoast SEO plugin. -->","yoast_head_json":{"title":"Bem estar - Hidrovida G\u00e1vea: Nata\u00e7\u00e3o, Hidro, Fisioterapia e Studio no RJ","robots":{"index":"noindex","follow":"follow","max-snippet":"max-snippet:-1","max-image-preview":"max-image-preview:large","max-video-preview":"max-video-preview:-1"},"og_locale":"pt_BR","og_type":"article","og_title":"Bem estar - Hidrovida G\u00e1vea: Nata\u00e7\u00e3o, Hidro, Fisioterapia e Studio no RJ","og_description":"[vc_row css=&#8221;.vc_custom_1773263880875{padding-right: 20px !important;padding-left: 20px !important;}&#8221;][vc_column][\/vc_column][\/vc_row][vc_row full_width=&#8221;stretch_row&#8221; sharai_khana_custom_class=&#8221;section-content-block&#8221; css=&#8221;.vc_custom_1756766020961{background-color: #edf0f2 !important;}&#8221; el_class=&#8221;section-curve-white-overlary&#8221;][vc_column width=&#8221;1\/2&#8243;][\/vc_column][vc_column width=&#8221;1\/2&#8243;][vc_single_image image=&#8221;3939&#8243; img_size=&#8221;full&#8221; css=&#8221;.vc_custom_1765887010093{margin-bottom: 10px !important;}&#8221;][\/vc_column][\/vc_row][vc_row css=&#8221;.vc_custom_1773263896260{margin-top: 40px !important;margin-bottom: 20px !important;padding-right: 20px !important;padding-left: 20px !important;}&#8221;][vc_column width=&#8221;1\/2&#8243;][vc_single_image image=&#8221;3943&#8243; img_size=&#8221;full&#8221; css=&#8221;&#8221;][\/vc_column][vc_column width=&#8221;1\/2&#8243;][\/vc_column][\/vc_row]","og_url":"https:\/\/hidrovida.com.brbem-estar\/","og_site_name":"Hidrovida G\u00e1vea: Nata\u00e7\u00e3o, Hidro, Fisioterapia e Studio no RJ","article_modified_time":"2026-03-11T21:20:54+00:00","twitter_card":"summary_large_image","twitter_misc":{"Est. tempo de leitura":"2 minutos"},"schema":{"@context":"https:\/\/schema.org","@graph":[{"@type":"WebPage","@id":"https:\/\/hidrovida.com.brbem-estar\/","url":"https:\/\/hidrovida.com.brbem-estar\/","name":"Bem estar - Hidrovida G\u00e1vea: Nata\u00e7\u00e3o, Hidro, Fisioterapia e Studio no RJ","isPartOf":{"@id":"https:\/\/hidrovida.com.br\/#website"},"datePublished":"2025-09-01T22:15:01+00:00","dateModified":"2026-03-11T21:20:54+00:00","breadcrumb":{"@id":"https:\/\/hidrovida.com.brbem-estar\/#breadcrumb"},"inLanguage":"pt-BR","potentialAction":[{"@type":"ReadAction","target":["https:\/\/hidrovida.com.brbem-estar\/"]}]},{"@type":"BreadcrumbList","@id":"https:\/\/hidrovida.com.brbem-estar\/#breadcrumb","itemListElement":[{"@type":"ListItem","position":1,"name":"In\u00edcio","item":"https:\/\/hidrovida.com.br"},{"@type":"ListItem","position":2,"name":"Bem estar"}]},{"@type":"WebSite","@id":"https:\/\/hidrovida.com.br\/#website","url":"https:\/\/hidrovida.com.br\/","name":"My Blog","description":"","potentialAction":[{"@type":"SearchAction","target":{"@type":"EntryPoint","urlTemplate":"https:\/\/hidrovida.com.br\/?s={search_term_string}"},"query-input":{"@type":"PropertyValueSpecification","valueRequired":true,"valueName":"search_term_string"}}],"inLanguage":"pt-BR"}]}},"_links":{"self":[{"href":"https:\/\/evangelhodoseo.com.br\/hidrovida\/wp-json\/wp\/v2\/pages\/3748","targetHints":{"allow":["GET"]}}],"collection":[{"href":"https:\/\/evangelhodoseo.com.br\/hidrovida\/wp-json\/wp\/v2\/pages"}],"about":[{"href":"https:\/\/evangelhodoseo.com.br\/hidrovida\/wp-json\/wp\/v2\/types\/page"}],"author":[{"embeddable":true,"href":"https:\/\/evangelhodoseo.com.br\/hidrovida\/wp-json\/wp\/v2\/users\/2"}],"replies":[{"embeddable":true,"href":"https:\/\/evangelhodoseo.com.br\/hidrovida\/wp-json\/wp\/v2\/comments?post=3748"}],"version-history":[{"count":14,"href":"https:\/\/evangelhodoseo.com.br\/hidrovida\/wp-json\/wp\/v2\/pages\/3748\/revisions"}],"predecessor-version":[{"id":4137,"href":"https:\/\/evangelhodoseo.com.br\/hidrovida\/wp-json\/wp\/v2\/pages\/3748\/revisions\/4137"}],"wp:attachment":[{"href":"https:\/\/evangelhodoseo.com.br\/hidrovida\/wp-json\/wp\/v2\/media?parent=3748"}],"curies":[{"name":"wp","href":"https:\/\/api.w.org\/{rel}","templated":true}]}}