{"id":3740,"date":"2025-08-30T00:10:44","date_gmt":"2025-08-30T00:10:44","guid":{"rendered":"https:\/\/evangelhodoseo.com.br\/hidrovida\/?page_id=3740"},"modified":"2025-12-15T23:41:16","modified_gmt":"2025-12-15T23:41:16","slug":"necessidades-especiais","status":"publish","type":"page","link":"https:\/\/evangelhodoseo.com.br\/hidrovida\/necessidades-especiais\/","title":{"rendered":"Necessidades Especiais"},"content":{"rendered":"<div class=\"wpb-content-wrapper\">[vc_row full_width=&#8221;stretch_row&#8221; sharai_khana_custom_class=&#8221;section-content-block&#8221; css=&#8221;.vc_custom_1765841899130{background-color: #EDF0F2 !important;}&#8221; el_class=&#8221;section-curve-white-overlary&#8221;][vc_column width=&#8221;1\/2&#8243;]<div class=\"row section-heading-wrapper\">\n                            <div class=\"col-md-12 col-sm-12 text-left\">\n                                <h2 class=\"section-heading heading-alt-style\" >Necessidades Especiais<\/h2>\n                                <span class=\"heading-separator heading-separator-horizontal\"><\/span>\n                                \n                            <\/div>\n                        <\/div>[vc_column_text css=&#8221;.vc_custom_1765841597274{margin-top: -2em !important;margin-bottom: -1em !important;}&#8221;]Todos que necessitam atividades f\u00edsicas como lazer, terapia ou reabilita\u00e7\u00e3o s\u00e3o benvindos em um ambiente com infraestrutura e equipe preparados para receb\u00ea-los, n\u00e3o importa a natureza \u2013 de restri\u00e7\u00e3o f\u00edsica ou neurol\u00f3gica ao autismo, sempre haver\u00e1 um nicho onde poderemos ser \u00fateis e atender ao que voc\u00ea busca.<\/p>\n<p>Oferecemos atividades aqu\u00e1ticas adaptadas, adequadas \u00e0s necessidades especiais dos nossos alunos. S\u00e3o empregados materiais pedagogicamente estimulantes, cuja forma, constitui\u00e7\u00e3o, textura e flexibilidade contribuem para a efic\u00e1cia das atividades realizadas e para a melhoria do condicionamento f\u00edsico e do quadro neurol\u00f3gico, neuro desenvolvimento e psicomotor.[\/vc_column_text][\/vc_column][vc_column width=&#8221;1\/2&#8243; css=&#8221;.vc_custom_1765841613050{padding-top: 60px !important;}&#8221;][vc_single_image image=&#8221;3743&#8243; img_size=&#8221;full&#8221; css=&#8221;&#8221;][\/vc_column][\/vc_row][vc_row css=&#8221;.vc_custom_1756512950608{padding-top: 80px !important;padding-right: 20px !important;padding-left: 20px !important;}&#8221;][vc_column]<div class=\"row section-heading-wrapper\">\n                            <div class=\"col-md-12 col-sm-12 text-left\">\n                                <h2 class=\"section-heading margin-bottom-42\" style=\"color:#5AC4DE;\" >Todas as pessoas t\u00eam direito \u00e0 atividade f\u00edsica, independente de suas caracter\u00edsticas ou condi\u00e7\u00f5es f\u00edsicas, neurol\u00f3gicas, mentais, emocionais, motoras, sensoriais ou psicomotoras<\/h2>\n                            <\/div>\n                        <\/div>[\/vc_column][\/vc_row]\n<\/div>","protected":false},"excerpt":{"rendered":"<p>[vc_row full_width=&#8221;stretch_row&#8221; sharai_khana_custom_class=&#8221;section-content-block&#8221; css=&#8221;.vc_custom_1765841899130{background-color: #EDF0F2 !important;}&#8221; el_class=&#8221;section-curve-white-overlary&#8221;][vc_column width=&#8221;1\/2&#8243;][vc_column_text css=&#8221;.vc_custom_1765841597274{margin-top: -2em !important;margin-bottom: -1em !important;}&#8221;]Todos que necessitam atividades f\u00edsicas como lazer, terapia ou reabilita\u00e7\u00e3o s\u00e3o benvindos em um ambiente com infraestrutura e equipe preparados para receb\u00ea-los, n\u00e3o importa a natureza \u2013 de restri\u00e7\u00e3o f\u00edsica ou neurol\u00f3gica ao autismo, sempre haver\u00e1 um nicho onde poderemos ser \u00fateis e [&hellip;]<\/p>\n","protected":false},"author":2,"featured_media":0,"parent":0,"menu_order":0,"comment_status":"closed","ping_status":"closed","template":"template-homepage-header1.php","meta":{"footnotes":""},"class_list":["post-3740","page","type-page","status-publish","hentry"],"yoast_head":"<!-- This site is optimized with the Yoast SEO plugin v27.4 - https:\/\/yoast.com\/product\/yoast-seo-wordpress\/ -->\n<title>Necessidades Especiais - Hidrovida G\u00e1vea: Nata\u00e7\u00e3o, Hidro, Fisioterapia e Studio no RJ<\/title>\n<meta name=\"robots\" content=\"noindex, follow, max-snippet:-1, max-image-preview:large, max-video-preview:-1\" \/>\n<meta property=\"og:locale\" content=\"pt_BR\" \/>\n<meta property=\"og:type\" content=\"article\" \/>\n<meta property=\"og:title\" content=\"Necessidades Especiais - Hidrovida G\u00e1vea: Nata\u00e7\u00e3o, Hidro, Fisioterapia e Studio no RJ\" \/>\n<meta property=\"og:description\" content=\"[vc_row full_width=&#8221;stretch_row&#8221; sharai_khana_custom_class=&#8221;section-content-block&#8221; css=&#8221;.vc_custom_1765841899130{background-color: #EDF0F2 !important;}&#8221; el_class=&#8221;section-curve-white-overlary&#8221;][vc_column width=&#8221;1\/2&#8243;][vc_column_text css=&#8221;.vc_custom_1765841597274{margin-top: -2em !important;margin-bottom: -1em !important;}&#8221;]Todos que necessitam atividades f\u00edsicas como lazer, terapia ou reabilita\u00e7\u00e3o s\u00e3o benvindos em um ambiente com infraestrutura e equipe preparados para receb\u00ea-los, n\u00e3o importa a natureza \u2013 de restri\u00e7\u00e3o f\u00edsica ou neurol\u00f3gica ao autismo, sempre haver\u00e1 um nicho onde poderemos ser \u00fateis e [&hellip;]\" \/>\n<meta property=\"og:url\" content=\"https:\/\/hidrovida.com.brnecessidades-especiais\/\" \/>\n<meta property=\"og:site_name\" content=\"Hidrovida G\u00e1vea: Nata\u00e7\u00e3o, Hidro, Fisioterapia e Studio no RJ\" \/>\n<meta property=\"article:modified_time\" content=\"2025-12-15T23:41:16+00:00\" \/>\n<meta name=\"twitter:card\" content=\"summary_large_image\" \/>\n<meta name=\"twitter:label1\" content=\"Est. tempo de leitura\" \/>\n\t<meta name=\"twitter:data1\" content=\"1 minuto\" \/>\n<script type=\"application\/ld+json\" class=\"yoast-schema-graph\">{\"@context\":\"https:\\\/\\\/schema.org\",\"@graph\":[{\"@type\":\"WebPage\",\"@id\":\"https:\\\/\\\/hidrovida.com.brnecessidades-especiais\\\/\",\"url\":\"https:\\\/\\\/hidrovida.com.brnecessidades-especiais\\\/\",\"name\":\"Necessidades Especiais - Hidrovida G\u00e1vea: Nata\u00e7\u00e3o, Hidro, Fisioterapia e Studio no RJ\",\"isPartOf\":{\"@id\":\"https:\\\/\\\/hidrovida.com.br\\\/#website\"},\"datePublished\":\"2025-08-30T00:10:44+00:00\",\"dateModified\":\"2025-12-15T23:41:16+00:00\",\"breadcrumb\":{\"@id\":\"https:\\\/\\\/hidrovida.com.brnecessidades-especiais\\\/#breadcrumb\"},\"inLanguage\":\"pt-BR\",\"potentialAction\":[{\"@type\":\"ReadAction\",\"target\":[\"https:\\\/\\\/hidrovida.com.brnecessidades-especiais\\\/\"]}]},{\"@type\":\"BreadcrumbList\",\"@id\":\"https:\\\/\\\/hidrovida.com.brnecessidades-especiais\\\/#breadcrumb\",\"itemListElement\":[{\"@type\":\"ListItem\",\"position\":1,\"name\":\"In\u00edcio\",\"item\":\"https:\\\/\\\/hidrovida.com.br\"},{\"@type\":\"ListItem\",\"position\":2,\"name\":\"Necessidades Especiais\"}]},{\"@type\":\"WebSite\",\"@id\":\"https:\\\/\\\/hidrovida.com.br\\\/#website\",\"url\":\"https:\\\/\\\/hidrovida.com.br\\\/\",\"name\":\"My Blog\",\"description\":\"\",\"potentialAction\":[{\"@type\":\"SearchAction\",\"target\":{\"@type\":\"EntryPoint\",\"urlTemplate\":\"https:\\\/\\\/hidrovida.com.br\\\/?s={search_term_string}\"},\"query-input\":{\"@type\":\"PropertyValueSpecification\",\"valueRequired\":true,\"valueName\":\"search_term_string\"}}],\"inLanguage\":\"pt-BR\"}]}<\/script>\n<!-- \/ Yoast SEO plugin. -->","yoast_head_json":{"title":"Necessidades Especiais - Hidrovida G\u00e1vea: Nata\u00e7\u00e3o, Hidro, Fisioterapia e Studio no RJ","robots":{"index":"noindex","follow":"follow","max-snippet":"max-snippet:-1","max-image-preview":"max-image-preview:large","max-video-preview":"max-video-preview:-1"},"og_locale":"pt_BR","og_type":"article","og_title":"Necessidades Especiais - Hidrovida G\u00e1vea: Nata\u00e7\u00e3o, Hidro, Fisioterapia e Studio no RJ","og_description":"[vc_row full_width=&#8221;stretch_row&#8221; sharai_khana_custom_class=&#8221;section-content-block&#8221; css=&#8221;.vc_custom_1765841899130{background-color: #EDF0F2 !important;}&#8221; el_class=&#8221;section-curve-white-overlary&#8221;][vc_column width=&#8221;1\/2&#8243;][vc_column_text css=&#8221;.vc_custom_1765841597274{margin-top: -2em !important;margin-bottom: -1em !important;}&#8221;]Todos que necessitam atividades f\u00edsicas como lazer, terapia ou reabilita\u00e7\u00e3o s\u00e3o benvindos em um ambiente com infraestrutura e equipe preparados para receb\u00ea-los, n\u00e3o importa a natureza \u2013 de restri\u00e7\u00e3o f\u00edsica ou neurol\u00f3gica ao autismo, sempre haver\u00e1 um nicho onde poderemos ser \u00fateis e [&hellip;]","og_url":"https:\/\/hidrovida.com.brnecessidades-especiais\/","og_site_name":"Hidrovida G\u00e1vea: Nata\u00e7\u00e3o, Hidro, Fisioterapia e Studio no RJ","article_modified_time":"2025-12-15T23:41:16+00:00","twitter_card":"summary_large_image","twitter_misc":{"Est. tempo de leitura":"1 minuto"},"schema":{"@context":"https:\/\/schema.org","@graph":[{"@type":"WebPage","@id":"https:\/\/hidrovida.com.brnecessidades-especiais\/","url":"https:\/\/hidrovida.com.brnecessidades-especiais\/","name":"Necessidades Especiais - Hidrovida G\u00e1vea: Nata\u00e7\u00e3o, Hidro, Fisioterapia e Studio no RJ","isPartOf":{"@id":"https:\/\/hidrovida.com.br\/#website"},"datePublished":"2025-08-30T00:10:44+00:00","dateModified":"2025-12-15T23:41:16+00:00","breadcrumb":{"@id":"https:\/\/hidrovida.com.brnecessidades-especiais\/#breadcrumb"},"inLanguage":"pt-BR","potentialAction":[{"@type":"ReadAction","target":["https:\/\/hidrovida.com.brnecessidades-especiais\/"]}]},{"@type":"BreadcrumbList","@id":"https:\/\/hidrovida.com.brnecessidades-especiais\/#breadcrumb","itemListElement":[{"@type":"ListItem","position":1,"name":"In\u00edcio","item":"https:\/\/hidrovida.com.br"},{"@type":"ListItem","position":2,"name":"Necessidades Especiais"}]},{"@type":"WebSite","@id":"https:\/\/hidrovida.com.br\/#website","url":"https:\/\/hidrovida.com.br\/","name":"My Blog","description":"","potentialAction":[{"@type":"SearchAction","target":{"@type":"EntryPoint","urlTemplate":"https:\/\/hidrovida.com.br\/?s={search_term_string}"},"query-input":{"@type":"PropertyValueSpecification","valueRequired":true,"valueName":"search_term_string"}}],"inLanguage":"pt-BR"}]}},"_links":{"self":[{"href":"https:\/\/evangelhodoseo.com.br\/hidrovida\/wp-json\/wp\/v2\/pages\/3740","targetHints":{"allow":["GET"]}}],"collection":[{"href":"https:\/\/evangelhodoseo.com.br\/hidrovida\/wp-json\/wp\/v2\/pages"}],"about":[{"href":"https:\/\/evangelhodoseo.com.br\/hidrovida\/wp-json\/wp\/v2\/types\/page"}],"author":[{"embeddable":true,"href":"https:\/\/evangelhodoseo.com.br\/hidrovida\/wp-json\/wp\/v2\/users\/2"}],"replies":[{"embeddable":true,"href":"https:\/\/evangelhodoseo.com.br\/hidrovida\/wp-json\/wp\/v2\/comments?post=3740"}],"version-history":[{"count":7,"href":"https:\/\/evangelhodoseo.com.br\/hidrovida\/wp-json\/wp\/v2\/pages\/3740\/revisions"}],"predecessor-version":[{"id":4065,"href":"https:\/\/evangelhodoseo.com.br\/hidrovida\/wp-json\/wp\/v2\/pages\/3740\/revisions\/4065"}],"wp:attachment":[{"href":"https:\/\/evangelhodoseo.com.br\/hidrovida\/wp-json\/wp\/v2\/media?parent=3740"}],"curies":[{"name":"wp","href":"https:\/\/api.w.org\/{rel}","templated":true}]}}