{"id":3723,"date":"2025-08-29T00:55:01","date_gmt":"2025-08-29T00:55:01","guid":{"rendered":"https:\/\/evangelhodoseo.com.br\/hidrovida\/?page_id=3723"},"modified":"2025-12-11T18:20:56","modified_gmt":"2025-12-11T18:20:56","slug":"fisioterapia-aquatica","status":"publish","type":"page","link":"https:\/\/evangelhodoseo.com.br\/hidrovida\/fisioterapia-aquatica\/","title":{"rendered":"Fisioterapia aqu\u00e1tica"},"content":{"rendered":"<div class=\"wpb-content-wrapper\">[vc_row full_width=&#8221;stretch_row&#8221; sharai_khana_custom_class=&#8221;section-content-block&#8221; css=&#8221;.vc_custom_1756510600222{padding-top: 80px !important;background-color: #edf0f2 !important;}&#8221; el_class=&#8221;section-curve-white-overlary&#8221;][vc_column width=&#8221;1\/2&#8243;]<div class=\"row section-heading-wrapper\">\n                            <div class=\"col-md-12 col-sm-12 text-left\">\n                                <h2 class=\"section-heading heading-alt-style\" >Fisioterapia aqu\u00e1tica<\/h2>\n                                <span class=\"heading-separator heading-separator-horizontal\"><\/span>\n                                <h4 class=\"section-subheading subheading-alt-style\">N\u00e3o consiste meramente em executar a fisioterapia convencional dentro d\u2019\u00e1gua. S\u00e3o movimentos, exerc\u00edcios e manuseios espec\u00edficos que tomam partido das propriedades f\u00edsicas da \u00e1gua flutua\u00e7\u00e3o, press\u00e3o hidrost\u00e1tica, tens\u00e3o superficial, etc e permitem obter resultados incapazes de serem obtidos no solo.<\/p>\n<p>A aus\u00eancia do medo de queda contribui para isto. Por sua vez, os movimentos na \u00e1gua s\u00e3o mais lentos, proporcionando tempo ao c\u00e9rebro para se ajustar \u00e0 nova situa\u00e7\u00e3o e \u00e0s necessidades de equil\u00edbrio, atuando sobre a postura. A \u00e1gua por si constitui um ambiente enriquecido de est\u00edmulos, desafiando o c\u00e9rebro. Ademais, o deslizamento da \u00e1gua sobre a pele vai ativar os sensores de press\u00e3o e de temperatura (baro-receptores e termo-receptores), que atuam positivamente sobre os sistemas neurol\u00f3gico e psicossom\u00e1tico de forma percept\u00edvel por\u00e9m ainda n\u00e3o perfeitamente compreendida (tema objeto do Pr\u00eamio Nobel de Medicina 2021).<\/p>\n<p>A imers\u00e3o atua tamb\u00e9m sobre o sistema imunol\u00f3gico e as neuroinflama\u00e7\u00f5es. A estes aspectos, soma-se ainda aquele, prazeroso, de estar e deslocar-se em \u00e1gua aquecida, atuando sobre a psique, as emo\u00e7\u00f5es e fomentando o bem-estar. Este conjunto de caracter\u00edsticas permite em diversos casos o processo precoce de reabilita\u00e7\u00e3o. N\u00e3o \u00e0 toa, constitui uma especialidade dentro da Fisioterapia, assim reconhecida formalmente pelo Conselho Federal de Fisioterapia e Terapia Ocupacional em setembro de 2014.<\/p>\n<p>A Fisioterapia Aqu\u00e1tica na Hidrovida \u00e9 uma atividade terap\u00eautica realizada em piscina interna, aquecida, com \u00e1gua tratada por processo de saliniza\u00e7\u00e3o e tem adapta\u00e7\u00f5es que facilitam a realiza\u00e7\u00e3o das atividades. Voc\u00ea ser\u00e1 atendido por fisioterapeutas formados em cursos internacionais na \u00e1rea de reabilita\u00e7\u00e3o e fisioterapia.<\/h4>\n                            <\/div>\n                        <\/div>[\/vc_column][vc_column width=&#8221;1\/2&#8243; css=&#8221;.vc_custom_1756084183821{padding-top: 30px !important;}&#8221;][vc_single_image image=&#8221;3993&#8243; img_size=&#8221;full&#8221; css=&#8221;&#8221;][\/vc_column][\/vc_row][vc_row content_placement=&#8221;middle&#8221; sharai_khana_custom_class=&#8221;section-content-block&#8221; css=&#8221;.vc_custom_1756510918705{margin-top: -3em !important;}&#8221;][vc_column]<div class=\"row section-heading-wrapper\">\n                            <div class=\"col-md-12 col-sm-12 text-center\">\n                                <h2 class=\"section-heading\" >Saiba mais<\/h2>\n                                \n                                <h4 class=\"section-subheading\">As propriedades f\u00edsicas e hidrodin\u00e2micas da \u00e1gua (flutua\u00e7\u00e3o, press\u00e3o hidrost\u00e1tica, empuxo, arrasto, tens\u00e3o superficial, viscosidade) permitem que o tratamento seja realizado para:<\/h4>\n                            <\/div>\n                        <\/div><div class=\"item_3 row process-block \" ><div class=\"col-md-4 col-sm-6 col-xs-12 \">\n                        <div class=\"process-step-1 text-left \" >\n                             \n                            <h3><a href=\"#\"  title=\"1\">1<\/a><\/h3>\n                            <div class=\"process-info\">Facilitar os movimentos articulares com a redu\u00e7\u00e3o da for\u00e7a gravitacional<\/div>\n                        <\/div> \n                    <\/div><div class=\"col-md-4 col-sm-6 col-xs-12 \">\n                        <div class=\"process-step-1 text-left \" >\n                             \n                            <h3><a href=\"#\"  title=\"2\">2<\/a><\/h3>\n                            <div class=\"process-info\">Promover o relaxamento muscular<\/div>\n                        <\/div> \n                    <\/div><div class=\"col-md-4 col-sm-6 col-xs-12 \">\n                        <div class=\"process-step-1 text-left \" >\n                             \n                            <h3><a href=\"#\"  title=\"3\">3<\/a><\/h3>\n                            <div class=\"process-info\">Reduzir a sensibilidade \u00e0 dor<\/div>\n                        <\/div> \n                    <\/div><\/div><div class=\"item_3 row process-block \" ><div class=\"col-md-4 col-sm-6 col-xs-12 \">\n                        <div class=\"process-step-1 text-left \" >\n                             \n                            <h3><a href=\"#\"  title=\"4\">4<\/a><\/h3>\n                            <div class=\"process-info\">Minimizar espasmos musculares<\/div>\n                        <\/div> \n                    <\/div><div class=\"col-md-4 col-sm-6 col-xs-12 \">\n                        <div class=\"process-step-1 text-left \" >\n                             \n                            <h3><a href=\"#\"  title=\"5\">5<\/a><\/h3>\n                            <div class=\"process-info\">Melhorar a circula\u00e7\u00e3o perif\u00e9rica<\/div>\n                        <\/div> \n                    <\/div><div class=\"col-md-4 col-sm-6 col-xs-12 \">\n                        <div class=\"process-step-1 text-left \" >\n                             \n                            <h3><a href=\"#\"  title=\"6\">6<\/a><\/h3>\n                            <div class=\"process-info\">Melhorar a consci\u00eancia corporal<\/div>\n                        <\/div> \n                    <\/div><div class=\"col-md-4 col-sm-6 col-xs-12 \">\n                        <div class=\"process-step-1 text-left \" >\n                             \n                            <h3><a href=\"#\"  title=\"7\">7<\/a><\/h3>\n                            <div class=\"process-info\">Aumentar o gasto en\u00e9rgetico com exerc\u00edcios aer\u00f3bios<\/div>\n                        <\/div> \n                    <\/div><\/div>[\/vc_column][\/vc_row][vc_row sharai_khana_custom_class=&#8221;section-content-block&#8221; min_height=&#8221;100px&#8221; css=&#8221;.vc_custom_1756510538545{margin-top: -7em !important;}&#8221;][vc_column]<h2 class=\"only-heading\"  style=\"color:#1E73BE;\" >Quando a Fisioterapia Aqu\u00e1tica \u00e9 indicada?<\/h2>[vc_column_text css=&#8221;&#8221;]Para corrigir les\u00f5es ortop\u00e9dicas,&nbsp;altera\u00e7\u00f5es posturais,&nbsp;seq\u00fcelas neurol\u00f3gicas, patologias neuromusculares, reabilita\u00e7\u00e3o cardiovascular, doen\u00e7as respirat\u00f3rias e dores cr\u00f4nicas.<\/p>\n<p>Sendo indicado para:<\/p>\n<ul>\n<li aria-level=\"1\">Pr\u00e9 e p\u00f3s-operat\u00f3rio<\/li>\n<li aria-level=\"1\">Al\u00edvio da dor<\/li>\n<li aria-level=\"1\">Edemas<\/li>\n<li aria-level=\"1\">Fraqueza muscular<\/li>\n<li aria-level=\"1\">Contraturas musculares<\/li>\n<li aria-level=\"1\">Diminui\u00e7\u00e3o da mobilidade articular<\/li>\n<li aria-level=\"1\">Diminui\u00e7\u00e3o da capacidade respirat\u00f3ria<\/li>\n<li aria-level=\"1\">Altera\u00e7\u00e3o e comprometimento do equil\u00edbrio corporal<\/li>\n<li aria-level=\"1\">Dificuldade em realizar a marcha<\/li>\n<li aria-level=\"1\">Altera\u00e7\u00f5es posturais<\/li>\n<li aria-level=\"1\">Estresse<\/li>\n<li aria-level=\"1\">Dist\u00farbios do sono<\/li>\n<\/ul>\n[\/vc_column_text]<h2 class=\"only-heading\"  style=\"color:#1E73BE;\" >Fisioterapia Aqu\u00e1tica \u00e9 o mesmo que Hidrogin\u00e1stica?<\/h2>[vc_column_text css=&#8221;&#8221;]Alguns exerc\u00edcios podem ser os mesmos. O que diferencia \u00e9 a finalidade: a Fisioterapia Aqu\u00e1tica aborda indica\u00e7\u00f5es como, les\u00f5es ortop\u00e9dicas,\u00a0altera\u00e7\u00f5es posturais, entre outras. Visa primordialmente a reabilita\u00e7\u00e3o e o al\u00edvio da dor. Para tanto, \u00e9 habitualmente realizada individualmente. A Hidrogin\u00e1stica visa primordialmente o condicionamento f\u00edsico e permite a forma\u00e7\u00e3o de turmas coletivas.[\/vc_column_text]<h2 class=\"only-heading\"  >M\u00e9todos utilizados na Fisioterapia Aqu\u00e1tica<\/h2><h2 class=\"only-heading\"  style=\"color:#1E73BE;\" >Halliwick \u2013 equil\u00edbrio e adapta\u00e7\u00e3o ao meio l\u00edquido<\/h2>[vc_column_text css=&#8221;&#8221;]O M\u00e9todo Halliwick e sua evolu\u00e7\u00e3o terap\u00eautica, a Terapia Espec\u00edfica na \u00c1gua, utilizam uma s\u00e9rie de exerc\u00edcios e manuseios que aproveitam as propriedades f\u00edsicas da \u00e1gua para criar um ambiente variado e rico em desafios ao sistema nervoso. Visa a solu\u00e7\u00e3o de problemas tais como, manter e recuperar o equil\u00edbrio, aumentar a agilidade, estimular os reflexos nervosos na presen\u00e7a de patologias como derrame (AVC \u2013 acidente vascular cerebral), TCE (traumatismo cr\u00e2nio-encef\u00e1lico), TRM (traumatismo raqui-medular) ou outros tipos de acometimentos neurol\u00f3gicos e neuromusculares,\u00a0inclusive de transtornos do espectro autista (TEA) e do neurodesenvolvimento em geral.<\/p>\n<p>Permite tamb\u00e9m ampla atua\u00e7\u00e3o em patologias m\u00fasculo-esquel\u00e9ticas (osteomusculares).[\/vc_column_text]<h2 class=\"only-heading\"  style=\"color:#1E73BE;\" >Bad Ragaz \u2013 fortalecimento muscular<\/h2>[vc_column_text css=&#8221;&#8221;]O M\u00e9todo dos An\u00e9is de Bad Ragaz utiliza flutuadores (b\u00f3ias ou colares, os \u201can\u00e9is\u201d) para manter pesco\u00e7o, p\u00e9lvis e tornozelos na superf\u00edcie da \u00e1gua. O fisioterapeuta aplica com as m\u00e3os for\u00e7as sobre o corpo, promovendo um aumento da for\u00e7a muscular e estimulando a f\u00e1scia. Igualmente permite intervir sobre um ponto corporal longe do foco do problema e obter reativamente efeitos sobre o ponto focal.[\/vc_column_text]<h2 class=\"only-heading\"  style=\"color:#1E73BE;\" >T\u00e9cnicas de Relaxamento Aqu\u00e1tico Passivo e Ativo<\/h2>[vc_column_text css=&#8221;&#8221;]No relaxamento passivo, conhecido como Watsu\u00ae, o paciente \u00e9 conduzido em movimentos ondulat\u00f3rios relaxantes, suavemente agitando os l\u00edquidos intersticiais e rompendo a rigidez articular e a tens\u00e3o muscular. Contribui \u00e0 redu\u00e7\u00e3o do\u00a0 estresse.<\/p>\n<p>No relaxamento ativo, mais conhecido como Ai Chi, o paciente participa ativamente da realiza\u00e7\u00e3o de exerc\u00edcios relaxantes, que induzem ludicamente o treino da coordena\u00e7\u00e3o, equil\u00edbrio e postura, objetivos da terapia aqu\u00e1tica.[\/vc_column_text][\/vc_column][\/vc_row]\n<\/div>","protected":false},"excerpt":{"rendered":"<p>[vc_row full_width=&#8221;stretch_row&#8221; sharai_khana_custom_class=&#8221;section-content-block&#8221; css=&#8221;.vc_custom_1756510600222{padding-top: 80px !important;background-color: #edf0f2 !important;}&#8221; el_class=&#8221;section-curve-white-overlary&#8221;][vc_column width=&#8221;1\/2&#8243;][\/vc_column][vc_column width=&#8221;1\/2&#8243; css=&#8221;.vc_custom_1756084183821{padding-top: 30px !important;}&#8221;][vc_single_image image=&#8221;3993&#8243; img_size=&#8221;full&#8221; css=&#8221;&#8221;][\/vc_column][\/vc_row][vc_row content_placement=&#8221;middle&#8221; sharai_khana_custom_class=&#8221;section-content-block&#8221; css=&#8221;.vc_custom_1756510918705{margin-top: -3em !important;}&#8221;][vc_column][\/vc_column][\/vc_row][vc_row sharai_khana_custom_class=&#8221;section-content-block&#8221; min_height=&#8221;100px&#8221; css=&#8221;.vc_custom_1756510538545{margin-top: -7em !important;}&#8221;][vc_column][vc_column_text css=&#8221;&#8221;]Para corrigir les\u00f5es ortop\u00e9dicas,&nbsp;altera\u00e7\u00f5es posturais,&nbsp;seq\u00fcelas neurol\u00f3gicas, patologias neuromusculares, reabilita\u00e7\u00e3o cardiovascular, doen\u00e7as respirat\u00f3rias e dores cr\u00f4nicas. Sendo indicado para: Pr\u00e9 e p\u00f3s-operat\u00f3rio Al\u00edvio da dor Edemas Fraqueza muscular Contraturas [&hellip;]<\/p>\n","protected":false},"author":2,"featured_media":0,"parent":0,"menu_order":0,"comment_status":"closed","ping_status":"closed","template":"template-homepage-header1.php","meta":{"footnotes":""},"class_list":["post-3723","page","type-page","status-publish","hentry"],"yoast_head":"<!-- This site is optimized with the Yoast SEO plugin v27.4 - https:\/\/yoast.com\/product\/yoast-seo-wordpress\/ -->\n<title>Fisioterapia aqu\u00e1tica - Hidrovida G\u00e1vea: Nata\u00e7\u00e3o, Hidro, Fisioterapia e Studio no RJ<\/title>\n<meta name=\"robots\" content=\"noindex, follow, max-snippet:-1, max-image-preview:large, max-video-preview:-1\" \/>\n<meta property=\"og:locale\" content=\"pt_BR\" \/>\n<meta property=\"og:type\" content=\"article\" \/>\n<meta property=\"og:title\" content=\"Fisioterapia aqu\u00e1tica - Hidrovida G\u00e1vea: Nata\u00e7\u00e3o, Hidro, Fisioterapia e Studio no RJ\" \/>\n<meta property=\"og:description\" content=\"[vc_row full_width=&#8221;stretch_row&#8221; sharai_khana_custom_class=&#8221;section-content-block&#8221; css=&#8221;.vc_custom_1756510600222{padding-top: 80px !important;background-color: #edf0f2 !important;}&#8221; el_class=&#8221;section-curve-white-overlary&#8221;][vc_column width=&#8221;1\/2&#8243;][\/vc_column][vc_column width=&#8221;1\/2&#8243; css=&#8221;.vc_custom_1756084183821{padding-top: 30px !important;}&#8221;][vc_single_image image=&#8221;3993&#8243; img_size=&#8221;full&#8221; css=&#8221;&#8221;][\/vc_column][\/vc_row][vc_row content_placement=&#8221;middle&#8221; sharai_khana_custom_class=&#8221;section-content-block&#8221; css=&#8221;.vc_custom_1756510918705{margin-top: -3em !important;}&#8221;][vc_column][\/vc_column][\/vc_row][vc_row sharai_khana_custom_class=&#8221;section-content-block&#8221; min_height=&#8221;100px&#8221; css=&#8221;.vc_custom_1756510538545{margin-top: -7em !important;}&#8221;][vc_column][vc_column_text css=&#8221;&#8221;]Para corrigir les\u00f5es ortop\u00e9dicas,&nbsp;altera\u00e7\u00f5es posturais,&nbsp;seq\u00fcelas neurol\u00f3gicas, patologias neuromusculares, reabilita\u00e7\u00e3o cardiovascular, doen\u00e7as respirat\u00f3rias e dores cr\u00f4nicas. Sendo indicado para: Pr\u00e9 e p\u00f3s-operat\u00f3rio Al\u00edvio da dor Edemas Fraqueza muscular Contraturas [&hellip;]\" \/>\n<meta property=\"og:url\" content=\"https:\/\/hidrovida.com.brfisioterapia-aquatica\/\" \/>\n<meta property=\"og:site_name\" content=\"Hidrovida G\u00e1vea: Nata\u00e7\u00e3o, Hidro, Fisioterapia e Studio no RJ\" \/>\n<meta property=\"article:modified_time\" content=\"2025-12-11T18:20:56+00:00\" \/>\n<meta name=\"twitter:card\" content=\"summary_large_image\" \/>\n<meta name=\"twitter:label1\" content=\"Est. tempo de leitura\" \/>\n\t<meta name=\"twitter:data1\" content=\"6 minutos\" \/>\n<script type=\"application\/ld+json\" class=\"yoast-schema-graph\">{\"@context\":\"https:\\\/\\\/schema.org\",\"@graph\":[{\"@type\":\"WebPage\",\"@id\":\"https:\\\/\\\/hidrovida.com.brfisioterapia-aquatica\\\/\",\"url\":\"https:\\\/\\\/hidrovida.com.brfisioterapia-aquatica\\\/\",\"name\":\"Fisioterapia aqu\u00e1tica - Hidrovida G\u00e1vea: Nata\u00e7\u00e3o, Hidro, Fisioterapia e Studio no RJ\",\"isPartOf\":{\"@id\":\"https:\\\/\\\/hidrovida.com.br\\\/#website\"},\"datePublished\":\"2025-08-29T00:55:01+00:00\",\"dateModified\":\"2025-12-11T18:20:56+00:00\",\"breadcrumb\":{\"@id\":\"https:\\\/\\\/hidrovida.com.brfisioterapia-aquatica\\\/#breadcrumb\"},\"inLanguage\":\"pt-BR\",\"potentialAction\":[{\"@type\":\"ReadAction\",\"target\":[\"https:\\\/\\\/hidrovida.com.brfisioterapia-aquatica\\\/\"]}]},{\"@type\":\"BreadcrumbList\",\"@id\":\"https:\\\/\\\/hidrovida.com.brfisioterapia-aquatica\\\/#breadcrumb\",\"itemListElement\":[{\"@type\":\"ListItem\",\"position\":1,\"name\":\"In\u00edcio\",\"item\":\"https:\\\/\\\/hidrovida.com.br\"},{\"@type\":\"ListItem\",\"position\":2,\"name\":\"Fisioterapia aqu\u00e1tica\"}]},{\"@type\":\"WebSite\",\"@id\":\"https:\\\/\\\/hidrovida.com.br\\\/#website\",\"url\":\"https:\\\/\\\/hidrovida.com.br\\\/\",\"name\":\"My Blog\",\"description\":\"\",\"potentialAction\":[{\"@type\":\"SearchAction\",\"target\":{\"@type\":\"EntryPoint\",\"urlTemplate\":\"https:\\\/\\\/hidrovida.com.br\\\/?s={search_term_string}\"},\"query-input\":{\"@type\":\"PropertyValueSpecification\",\"valueRequired\":true,\"valueName\":\"search_term_string\"}}],\"inLanguage\":\"pt-BR\"}]}<\/script>\n<!-- \/ Yoast SEO plugin. -->","yoast_head_json":{"title":"Fisioterapia aqu\u00e1tica - Hidrovida G\u00e1vea: Nata\u00e7\u00e3o, Hidro, Fisioterapia e Studio no RJ","robots":{"index":"noindex","follow":"follow","max-snippet":"max-snippet:-1","max-image-preview":"max-image-preview:large","max-video-preview":"max-video-preview:-1"},"og_locale":"pt_BR","og_type":"article","og_title":"Fisioterapia aqu\u00e1tica - Hidrovida G\u00e1vea: Nata\u00e7\u00e3o, Hidro, Fisioterapia e Studio no RJ","og_description":"[vc_row full_width=&#8221;stretch_row&#8221; sharai_khana_custom_class=&#8221;section-content-block&#8221; css=&#8221;.vc_custom_1756510600222{padding-top: 80px !important;background-color: #edf0f2 !important;}&#8221; el_class=&#8221;section-curve-white-overlary&#8221;][vc_column width=&#8221;1\/2&#8243;][\/vc_column][vc_column width=&#8221;1\/2&#8243; css=&#8221;.vc_custom_1756084183821{padding-top: 30px !important;}&#8221;][vc_single_image image=&#8221;3993&#8243; img_size=&#8221;full&#8221; css=&#8221;&#8221;][\/vc_column][\/vc_row][vc_row content_placement=&#8221;middle&#8221; sharai_khana_custom_class=&#8221;section-content-block&#8221; css=&#8221;.vc_custom_1756510918705{margin-top: -3em !important;}&#8221;][vc_column][\/vc_column][\/vc_row][vc_row sharai_khana_custom_class=&#8221;section-content-block&#8221; min_height=&#8221;100px&#8221; css=&#8221;.vc_custom_1756510538545{margin-top: -7em !important;}&#8221;][vc_column][vc_column_text css=&#8221;&#8221;]Para corrigir les\u00f5es ortop\u00e9dicas,&nbsp;altera\u00e7\u00f5es posturais,&nbsp;seq\u00fcelas neurol\u00f3gicas, patologias neuromusculares, reabilita\u00e7\u00e3o cardiovascular, doen\u00e7as respirat\u00f3rias e dores cr\u00f4nicas. Sendo indicado para: Pr\u00e9 e p\u00f3s-operat\u00f3rio Al\u00edvio da dor Edemas Fraqueza muscular Contraturas [&hellip;]","og_url":"https:\/\/hidrovida.com.brfisioterapia-aquatica\/","og_site_name":"Hidrovida G\u00e1vea: Nata\u00e7\u00e3o, Hidro, Fisioterapia e Studio no RJ","article_modified_time":"2025-12-11T18:20:56+00:00","twitter_card":"summary_large_image","twitter_misc":{"Est. tempo de leitura":"6 minutos"},"schema":{"@context":"https:\/\/schema.org","@graph":[{"@type":"WebPage","@id":"https:\/\/hidrovida.com.brfisioterapia-aquatica\/","url":"https:\/\/hidrovida.com.brfisioterapia-aquatica\/","name":"Fisioterapia aqu\u00e1tica - Hidrovida G\u00e1vea: Nata\u00e7\u00e3o, Hidro, Fisioterapia e Studio no RJ","isPartOf":{"@id":"https:\/\/hidrovida.com.br\/#website"},"datePublished":"2025-08-29T00:55:01+00:00","dateModified":"2025-12-11T18:20:56+00:00","breadcrumb":{"@id":"https:\/\/hidrovida.com.brfisioterapia-aquatica\/#breadcrumb"},"inLanguage":"pt-BR","potentialAction":[{"@type":"ReadAction","target":["https:\/\/hidrovida.com.brfisioterapia-aquatica\/"]}]},{"@type":"BreadcrumbList","@id":"https:\/\/hidrovida.com.brfisioterapia-aquatica\/#breadcrumb","itemListElement":[{"@type":"ListItem","position":1,"name":"In\u00edcio","item":"https:\/\/hidrovida.com.br"},{"@type":"ListItem","position":2,"name":"Fisioterapia aqu\u00e1tica"}]},{"@type":"WebSite","@id":"https:\/\/hidrovida.com.br\/#website","url":"https:\/\/hidrovida.com.br\/","name":"My Blog","description":"","potentialAction":[{"@type":"SearchAction","target":{"@type":"EntryPoint","urlTemplate":"https:\/\/hidrovida.com.br\/?s={search_term_string}"},"query-input":{"@type":"PropertyValueSpecification","valueRequired":true,"valueName":"search_term_string"}}],"inLanguage":"pt-BR"}]}},"_links":{"self":[{"href":"https:\/\/evangelhodoseo.com.br\/hidrovida\/wp-json\/wp\/v2\/pages\/3723","targetHints":{"allow":["GET"]}}],"collection":[{"href":"https:\/\/evangelhodoseo.com.br\/hidrovida\/wp-json\/wp\/v2\/pages"}],"about":[{"href":"https:\/\/evangelhodoseo.com.br\/hidrovida\/wp-json\/wp\/v2\/types\/page"}],"author":[{"embeddable":true,"href":"https:\/\/evangelhodoseo.com.br\/hidrovida\/wp-json\/wp\/v2\/users\/2"}],"replies":[{"embeddable":true,"href":"https:\/\/evangelhodoseo.com.br\/hidrovida\/wp-json\/wp\/v2\/comments?post=3723"}],"version-history":[{"count":18,"href":"https:\/\/evangelhodoseo.com.br\/hidrovida\/wp-json\/wp\/v2\/pages\/3723\/revisions"}],"predecessor-version":[{"id":3994,"href":"https:\/\/evangelhodoseo.com.br\/hidrovida\/wp-json\/wp\/v2\/pages\/3723\/revisions\/3994"}],"wp:attachment":[{"href":"https:\/\/evangelhodoseo.com.br\/hidrovida\/wp-json\/wp\/v2\/media?parent=3723"}],"curies":[{"name":"wp","href":"https:\/\/api.w.org\/{rel}","templated":true}]}}