{"id":3678,"date":"2025-08-27T00:15:54","date_gmt":"2025-08-27T00:15:54","guid":{"rendered":"https:\/\/evangelhodoseo.com.br\/hidrovida\/?page_id=3678"},"modified":"2025-12-16T12:20:09","modified_gmt":"2025-12-16T12:20:09","slug":"horarios-e-tarifas","status":"publish","type":"page","link":"https:\/\/evangelhodoseo.com.br\/hidrovida\/horarios-e-tarifas\/","title":{"rendered":"Entenda o nosso tarif\u00e1rio"},"content":{"rendered":"<div class=\"wpb-content-wrapper\">[vc_row sharai_khana_custom_class=&#8221;section-content-block&#8221; min_height=&#8221;100px&#8221;][vc_column]<h2 class=\"only-heading\"  style=\"color:#1E73BE;\" >Atividades para adolescentes e adultos \u2013 aqu\u00e1ticas e Studio Funcional<\/h2>[vc_column_text css=&#8221;&#8221;]Tarif\u00e1rio \u00fanico, podendo mesclar as atividades aqu\u00e1ticas e de solo a gosto. Pre\u00e7os vari\u00e1veis conforme a freq\u00fc\u00eancia semanal e o plano de pagamento (dura\u00e7\u00e3o do contrato \u2013 b\u00f4nus de fidelidade). Descontos para grupos familiares.[\/vc_column_text]<h2 class=\"only-heading\"  style=\"color:#1E73BE;\" >Atividades aqu\u00e1ticas infantis coletivas<\/h2>[vc_column_text css=&#8221;&#8221;]Pre\u00e7os vari\u00e1veis conforme a freq\u00fc\u00eancia semanal e o plano de pagamento (dura\u00e7\u00e3o do contrato \u2013 b\u00f4nus de fidelidade).[\/vc_column_text]<h2 class=\"only-heading\"  style=\"color:#1E73BE;\" >Atividades individuais<\/h2>[vc_column_text css=&#8221;&#8221;]Pre\u00e7os vari\u00e1veis conforme a\u00a0 freq\u00fc\u00eancia semanal e o plano de pagamento (dura\u00e7\u00e3o do contrato \u2013 b\u00f4nus de fidelidade).\u00a0 Descontos para grupos familiares.[\/vc_column_text]<h2 class=\"only-heading\"  style=\"color:#1E73BE;\" >Fisioterapia Aqu\u00e1tica<\/h2>[vc_column_text css=&#8221;&#8221;]Pagamento inicial \u2013 avalia\u00e7\u00e3o fisioter\u00e1pica e a primeira sess\u00e3o<\/p>\n<p>Sess\u00f5es individuais \u2013 pre\u00e7o por sess\u00e3o para o programa mensal de fisioterapia contratado[\/vc_column_text][\/vc_column][\/vc_row][vc_row][vc_column][\/vc_column][\/vc_row][vc_row full_width=&#8221;stretch_row&#8221; css=&#8221;.vc_custom_1756254470078{background-color: #5ac4de !important;background-position: center !important;background-repeat: no-repeat !important;background-size: cover !important;}&#8221; el_class=&#8221;section-content-block-minimal&#8221;][vc_column]<div class=\"cta-layout-2\">\n                            <div class=\"content text-left\">\n                                \n<h2 class=\"text-light-color\">Voc\u00ea tem alguma d\u00favida? Entre em contato!<\/h2>\n<h4 class=\"text-light-color\">Nossa equipe est\u00e1 pronta para atend\u00ea-lo e tirar todas as suas d\u00favidas.<\/h4>\n\n                            <\/div>\n\n                            <div class=\"btn-container \">\n                                <a href=\"#\" title=\"ENTRE EM CONTATO\"  target=\"_blank\" class=\"btn btn-theme btn-theme btn-theme-invert btn-square\">ENTRE EM CONTATO<\/a>\n                            <\/div>\n                        <\/div> [\/vc_column][\/vc_row]\n<\/div>","protected":false},"excerpt":{"rendered":"<p>[vc_row sharai_khana_custom_class=&#8221;section-content-block&#8221; min_height=&#8221;100px&#8221;][vc_column][vc_column_text css=&#8221;&#8221;]Tarif\u00e1rio \u00fanico, podendo mesclar as atividades aqu\u00e1ticas e de solo a gosto. Pre\u00e7os vari\u00e1veis conforme a freq\u00fc\u00eancia semanal e o plano de pagamento (dura\u00e7\u00e3o do contrato \u2013 b\u00f4nus de fidelidade). Descontos para grupos familiares.[\/vc_column_text][vc_column_text css=&#8221;&#8221;]Pre\u00e7os vari\u00e1veis conforme a freq\u00fc\u00eancia semanal e o plano de pagamento (dura\u00e7\u00e3o do contrato \u2013 b\u00f4nus de fidelidade).[\/vc_column_text][vc_column_text [&hellip;]<\/p>\n","protected":false},"author":2,"featured_media":0,"parent":0,"menu_order":0,"comment_status":"closed","ping_status":"closed","template":"template-homepage-header1.php","meta":{"footnotes":""},"class_list":["post-3678","page","type-page","status-publish","hentry"],"yoast_head":"<!-- This site is optimized with the Yoast SEO plugin v27.4 - https:\/\/yoast.com\/product\/yoast-seo-wordpress\/ -->\n<title>Entenda o nosso tarif\u00e1rio - Hidrovida G\u00e1vea: Nata\u00e7\u00e3o, Hidro, Fisioterapia e Studio no RJ<\/title>\n<meta name=\"robots\" content=\"noindex, follow, max-snippet:-1, max-image-preview:large, max-video-preview:-1\" \/>\n<meta property=\"og:locale\" content=\"pt_BR\" \/>\n<meta property=\"og:type\" content=\"article\" \/>\n<meta property=\"og:title\" content=\"Entenda o nosso tarif\u00e1rio - Hidrovida G\u00e1vea: Nata\u00e7\u00e3o, Hidro, Fisioterapia e Studio no RJ\" \/>\n<meta property=\"og:description\" content=\"[vc_row sharai_khana_custom_class=&#8221;section-content-block&#8221; min_height=&#8221;100px&#8221;][vc_column][vc_column_text css=&#8221;&#8221;]Tarif\u00e1rio \u00fanico, podendo mesclar as atividades aqu\u00e1ticas e de solo a gosto. Pre\u00e7os vari\u00e1veis conforme a freq\u00fc\u00eancia semanal e o plano de pagamento (dura\u00e7\u00e3o do contrato \u2013 b\u00f4nus de fidelidade). Descontos para grupos familiares.[\/vc_column_text][vc_column_text css=&#8221;&#8221;]Pre\u00e7os vari\u00e1veis conforme a freq\u00fc\u00eancia semanal e o plano de pagamento (dura\u00e7\u00e3o do contrato \u2013 b\u00f4nus de fidelidade).[\/vc_column_text][vc_column_text [&hellip;]\" \/>\n<meta property=\"og:url\" content=\"https:\/\/hidrovida.com.brhorarios-e-tarifas\/\" \/>\n<meta property=\"og:site_name\" content=\"Hidrovida G\u00e1vea: Nata\u00e7\u00e3o, Hidro, Fisioterapia e Studio no RJ\" \/>\n<meta property=\"article:modified_time\" content=\"2025-12-16T12:20:09+00:00\" \/>\n<meta name=\"twitter:card\" content=\"summary_large_image\" \/>\n<meta name=\"twitter:label1\" content=\"Est. tempo de leitura\" \/>\n\t<meta name=\"twitter:data1\" content=\"2 minutos\" \/>\n<script type=\"application\/ld+json\" class=\"yoast-schema-graph\">{\"@context\":\"https:\\\/\\\/schema.org\",\"@graph\":[{\"@type\":\"WebPage\",\"@id\":\"https:\\\/\\\/hidrovida.com.brhorarios-e-tarifas\\\/\",\"url\":\"https:\\\/\\\/hidrovida.com.brhorarios-e-tarifas\\\/\",\"name\":\"Entenda o nosso tarif\u00e1rio - Hidrovida G\u00e1vea: Nata\u00e7\u00e3o, Hidro, Fisioterapia e Studio no RJ\",\"isPartOf\":{\"@id\":\"https:\\\/\\\/hidrovida.com.br\\\/#website\"},\"datePublished\":\"2025-08-27T00:15:54+00:00\",\"dateModified\":\"2025-12-16T12:20:09+00:00\",\"breadcrumb\":{\"@id\":\"https:\\\/\\\/hidrovida.com.brhorarios-e-tarifas\\\/#breadcrumb\"},\"inLanguage\":\"pt-BR\",\"potentialAction\":[{\"@type\":\"ReadAction\",\"target\":[\"https:\\\/\\\/hidrovida.com.brhorarios-e-tarifas\\\/\"]}]},{\"@type\":\"BreadcrumbList\",\"@id\":\"https:\\\/\\\/hidrovida.com.brhorarios-e-tarifas\\\/#breadcrumb\",\"itemListElement\":[{\"@type\":\"ListItem\",\"position\":1,\"name\":\"In\u00edcio\",\"item\":\"https:\\\/\\\/hidrovida.com.br\"},{\"@type\":\"ListItem\",\"position\":2,\"name\":\"Entenda o nosso tarif\u00e1rio\"}]},{\"@type\":\"WebSite\",\"@id\":\"https:\\\/\\\/hidrovida.com.br\\\/#website\",\"url\":\"https:\\\/\\\/hidrovida.com.br\\\/\",\"name\":\"My Blog\",\"description\":\"\",\"potentialAction\":[{\"@type\":\"SearchAction\",\"target\":{\"@type\":\"EntryPoint\",\"urlTemplate\":\"https:\\\/\\\/hidrovida.com.br\\\/?s={search_term_string}\"},\"query-input\":{\"@type\":\"PropertyValueSpecification\",\"valueRequired\":true,\"valueName\":\"search_term_string\"}}],\"inLanguage\":\"pt-BR\"}]}<\/script>\n<!-- \/ Yoast SEO plugin. -->","yoast_head_json":{"title":"Entenda o nosso tarif\u00e1rio - Hidrovida G\u00e1vea: Nata\u00e7\u00e3o, Hidro, Fisioterapia e Studio no RJ","robots":{"index":"noindex","follow":"follow","max-snippet":"max-snippet:-1","max-image-preview":"max-image-preview:large","max-video-preview":"max-video-preview:-1"},"og_locale":"pt_BR","og_type":"article","og_title":"Entenda o nosso tarif\u00e1rio - Hidrovida G\u00e1vea: Nata\u00e7\u00e3o, Hidro, Fisioterapia e Studio no RJ","og_description":"[vc_row sharai_khana_custom_class=&#8221;section-content-block&#8221; min_height=&#8221;100px&#8221;][vc_column][vc_column_text css=&#8221;&#8221;]Tarif\u00e1rio \u00fanico, podendo mesclar as atividades aqu\u00e1ticas e de solo a gosto. Pre\u00e7os vari\u00e1veis conforme a freq\u00fc\u00eancia semanal e o plano de pagamento (dura\u00e7\u00e3o do contrato \u2013 b\u00f4nus de fidelidade). Descontos para grupos familiares.[\/vc_column_text][vc_column_text css=&#8221;&#8221;]Pre\u00e7os vari\u00e1veis conforme a freq\u00fc\u00eancia semanal e o plano de pagamento (dura\u00e7\u00e3o do contrato \u2013 b\u00f4nus de fidelidade).[\/vc_column_text][vc_column_text [&hellip;]","og_url":"https:\/\/hidrovida.com.brhorarios-e-tarifas\/","og_site_name":"Hidrovida G\u00e1vea: Nata\u00e7\u00e3o, Hidro, Fisioterapia e Studio no RJ","article_modified_time":"2025-12-16T12:20:09+00:00","twitter_card":"summary_large_image","twitter_misc":{"Est. tempo de leitura":"2 minutos"},"schema":{"@context":"https:\/\/schema.org","@graph":[{"@type":"WebPage","@id":"https:\/\/hidrovida.com.brhorarios-e-tarifas\/","url":"https:\/\/hidrovida.com.brhorarios-e-tarifas\/","name":"Entenda o nosso tarif\u00e1rio - Hidrovida G\u00e1vea: Nata\u00e7\u00e3o, Hidro, Fisioterapia e Studio no RJ","isPartOf":{"@id":"https:\/\/hidrovida.com.br\/#website"},"datePublished":"2025-08-27T00:15:54+00:00","dateModified":"2025-12-16T12:20:09+00:00","breadcrumb":{"@id":"https:\/\/hidrovida.com.brhorarios-e-tarifas\/#breadcrumb"},"inLanguage":"pt-BR","potentialAction":[{"@type":"ReadAction","target":["https:\/\/hidrovida.com.brhorarios-e-tarifas\/"]}]},{"@type":"BreadcrumbList","@id":"https:\/\/hidrovida.com.brhorarios-e-tarifas\/#breadcrumb","itemListElement":[{"@type":"ListItem","position":1,"name":"In\u00edcio","item":"https:\/\/hidrovida.com.br"},{"@type":"ListItem","position":2,"name":"Entenda o nosso tarif\u00e1rio"}]},{"@type":"WebSite","@id":"https:\/\/hidrovida.com.br\/#website","url":"https:\/\/hidrovida.com.br\/","name":"My Blog","description":"","potentialAction":[{"@type":"SearchAction","target":{"@type":"EntryPoint","urlTemplate":"https:\/\/hidrovida.com.br\/?s={search_term_string}"},"query-input":{"@type":"PropertyValueSpecification","valueRequired":true,"valueName":"search_term_string"}}],"inLanguage":"pt-BR"}]}},"_links":{"self":[{"href":"https:\/\/evangelhodoseo.com.br\/hidrovida\/wp-json\/wp\/v2\/pages\/3678","targetHints":{"allow":["GET"]}}],"collection":[{"href":"https:\/\/evangelhodoseo.com.br\/hidrovida\/wp-json\/wp\/v2\/pages"}],"about":[{"href":"https:\/\/evangelhodoseo.com.br\/hidrovida\/wp-json\/wp\/v2\/types\/page"}],"author":[{"embeddable":true,"href":"https:\/\/evangelhodoseo.com.br\/hidrovida\/wp-json\/wp\/v2\/users\/2"}],"replies":[{"embeddable":true,"href":"https:\/\/evangelhodoseo.com.br\/hidrovida\/wp-json\/wp\/v2\/comments?post=3678"}],"version-history":[{"count":10,"href":"https:\/\/evangelhodoseo.com.br\/hidrovida\/wp-json\/wp\/v2\/pages\/3678\/revisions"}],"predecessor-version":[{"id":4111,"href":"https:\/\/evangelhodoseo.com.br\/hidrovida\/wp-json\/wp\/v2\/pages\/3678\/revisions\/4111"}],"wp:attachment":[{"href":"https:\/\/evangelhodoseo.com.br\/hidrovida\/wp-json\/wp\/v2\/media?parent=3678"}],"curies":[{"name":"wp","href":"https:\/\/api.w.org\/{rel}","templated":true}]}}